{"id":2511,"date":"2025-06-06T10:51:42","date_gmt":"2025-06-06T13:51:42","guid":{"rendered":"https:\/\/ohmycodes.com\/projetos\/privacyhub\/privacy\/?page_id=2511"},"modified":"2025-08-20T11:48:02","modified_gmt":"2025-08-20T14:48:02","slug":"temas-relevantes","status":"publish","type":"page","link":"https:\/\/baptistaluz.com.br\/privacyhub\/temas-relevantes\/","title":{"rendered":"Temas relevantes"},"content":{"rendered":"\t\t<div data-elementor-type=\"wp-page\" data-elementor-id=\"2511\" class=\"elementor elementor-2511\" data-elementor-settings=\"{&quot;ha_cmc_init_switcher&quot;:&quot;no&quot;}\" data-elementor-post-type=\"page\">\n\t\t\t\t<div class=\"elementor-element elementor-element-7b47f3d e-con-full e-flex e-con e-parent\" data-id=\"7b47f3d\" data-element_type=\"container\" data-e-type=\"container\" data-settings=\"{&quot;_ha_eqh_enable&quot;:false}\">\n\t\t<div class=\"elementor-element elementor-element-85e1736 e-con-full elementor-hidden-tablet elementor-hidden-mobile e-flex e-con e-child\" data-id=\"85e1736\" data-element_type=\"container\" data-e-type=\"container\" data-settings=\"{&quot;background_background&quot;:&quot;classic&quot;,&quot;_ha_eqh_enable&quot;:false}\">\n\t\t\t\t<div class=\"elementor-element elementor-element-d10683b elementor-widget elementor-widget-shortcode\" data-id=\"d10683b\" data-element_type=\"widget\" data-e-type=\"widget\" data-widget_type=\"shortcode.default\">\n\t\t\t\t<div class=\"elementor-widget-container\">\n\t\t\t\t\t\t\t<div class=\"elementor-shortcode\"><ul class=\"lista-temas-relevantes\"><li><a href=\"https:\/\/baptistaluz.com.br\/privacyhub\/agentes-de-tratamento\/\">Agentes de tratamento<\/a><\/li><li><a href=\"https:\/\/baptistaluz.com.br\/privacyhub\/bases-legais\/\">Bases legais<\/a><\/li><li><a href=\"https:\/\/baptistaluz.com.br\/privacyhub\/criancas-e-adolescentes\/\">Crian\u00e7as e Adolescentes<\/a><\/li><li><a href=\"https:\/\/baptistaluz.com.br\/privacyhub\/direitos-dos-titulares\/\">Direitos dos titulares<\/a><\/li><li><a href=\"https:\/\/baptistaluz.com.br\/privacyhub\/encarregado-dpo\/\">Encarregado &#8211; DPO<\/a><\/li><li><a href=\"https:\/\/baptistaluz.com.br\/privacyhub\/incidentes-de-seguranca\/\">Incidentes de Seguran\u00e7a<\/a><\/li><li><a href=\"https:\/\/baptistaluz.com.br\/privacyhub\/inteligencia-artificial\/\">Intelig\u00eancia Artificial<\/a><\/li><li><a href=\"https:\/\/baptistaluz.com.br\/privacyhub\/registro-das-atividades-de-tratamento\/\">Registro das Atividades de Tratamento<\/a><\/li><li><a href=\"https:\/\/baptistaluz.com.br\/privacyhub\/ripd-lia\/\">RIPD &#038; TLI<\/a><\/li><li><a href=\"https:\/\/baptistaluz.com.br\/privacyhub\/sancoes\/\">San\u00e7\u00f5es<\/a><\/li><li><a href=\"https:\/\/baptistaluz.com.br\/privacyhub\/seguranca-da-informacao\/\">Seguran\u00e7a da Informa\u00e7\u00e3o<\/a><\/li><li><a href=\"https:\/\/baptistaluz.com.br\/privacyhub\/transferencia-internacional\/\">Transfer\u00eancia Internacional<\/a><\/li><li><a href=\"https:\/\/baptistaluz.com.br\/privacyhub\/tratamento-de-dados-pelo-poder-publico\/\">Tratamento de Dados pelo Poder P\u00fablico<\/a><\/li><\/ul>\n<\/div>\n\t\t\t\t\t\t<\/div>\n\t\t\t\t<\/div>\n\t\t\t\t<\/div>\n\t\t<div class=\"elementor-element elementor-element-71ac374 e-con-full e-flex e-con e-child\" data-id=\"71ac374\" data-element_type=\"container\" data-e-type=\"container\" data-settings=\"{&quot;background_background&quot;:&quot;classic&quot;,&quot;_ha_eqh_enable&quot;:false}\">\n\t\t<div class=\"elementor-element elementor-element-a6e9a2e e-con-full e-flex e-con e-child\" data-id=\"a6e9a2e\" data-element_type=\"container\" data-e-type=\"container\" data-settings=\"{&quot;background_background&quot;:&quot;classic&quot;,&quot;_ha_eqh_enable&quot;:false}\">\n\t\t\t\t<div class=\"elementor-element elementor-element-2fb131f elementor-widget elementor-widget-heading\" data-id=\"2fb131f\" data-element_type=\"widget\" data-e-type=\"widget\" data-widget_type=\"heading.default\">\n\t\t\t\t<div class=\"elementor-widget-container\">\n\t\t\t\t\t<h3 class=\"elementor-heading-title elementor-size-default\">Temas relevantes<\/h3>\t\t\t\t<\/div>\n\t\t\t\t<\/div>\n\t\t\t\t<div class=\"elementor-element elementor-element-56bc5ad elementor-widget elementor-widget-heading\" data-id=\"56bc5ad\" data-element_type=\"widget\" data-e-type=\"widget\" data-widget_type=\"heading.default\">\n\t\t\t\t<div class=\"elementor-widget-container\">\n\t\t\t\t\t<h1 class=\"elementor-heading-title elementor-size-default\">Introdu\u00e7\u00e3o<\/h1>\t\t\t\t<\/div>\n\t\t\t\t<\/div>\n\t\t<div class=\"elementor-element elementor-element-85a327f e-con-full e-flex e-con e-child\" data-id=\"85a327f\" data-element_type=\"container\" data-e-type=\"container\" data-settings=\"{&quot;_ha_eqh_enable&quot;:false}\">\n\t\t\t\t<div class=\"elementor-element elementor-element-7934317 elementor-widget elementor-widget-text-editor\" data-id=\"7934317\" data-element_type=\"widget\" data-e-type=\"widget\" data-widget_type=\"text-editor.default\">\n\t\t\t\t<div class=\"elementor-widget-container\">\n\t\t\t\t\t\t\t\t\t<p><b>Compartilhe:<\/b><\/p>\t\t\t\t\t\t\t\t<\/div>\n\t\t\t\t<\/div>\n\t\t\t\t<div class=\"elementor-element elementor-element-0969c3e elementor-share-buttons--view-icon elementor-share-buttons--skin-minimal elementor-share-buttons--shape-rounded elementor-share-buttons--color-custom elementor-share-buttons--align-left elementor-grid-0 elementor-widget elementor-widget-share-buttons\" data-id=\"0969c3e\" data-element_type=\"widget\" data-e-type=\"widget\" data-widget_type=\"share-buttons.default\">\n\t\t\t\t<div class=\"elementor-widget-container\">\n\t\t\t\t\t\t\t<div class=\"elementor-grid\" role=\"list\">\n\t\t\t\t\t\t\t\t<div class=\"elementor-grid-item\" role=\"listitem\">\n\t\t\t\t\t\t<div class=\"elementor-share-btn elementor-share-btn_linkedin\" role=\"button\" tabindex=\"0\" aria-label=\"Compartilhar no linkedin\">\n\t\t\t\t\t\t\t\t\t\t\t\t\t\t\t<span class=\"elementor-share-btn__icon\">\n\t\t\t\t\t\t\t\t<svg class=\"e-font-icon-svg e-fab-linkedin\" viewBox=\"0 0 448 512\" xmlns=\"http:\/\/www.w3.org\/2000\/svg\"><path d=\"M416 32H31.9C14.3 32 0 46.5 0 64.3v383.4C0 465.5 14.3 480 31.9 480H416c17.6 0 32-14.5 32-32.3V64.3c0-17.8-14.4-32.3-32-32.3zM135.4 416H69V202.2h66.5V416zm-33.2-243c-21.3 0-38.5-17.3-38.5-38.5S80.9 96 102.2 96c21.2 0 38.5 17.3 38.5 38.5 0 21.3-17.2 38.5-38.5 38.5zm282.1 243h-66.4V312c0-24.8-.5-56.7-34.5-56.7-34.6 0-39.9 27-39.9 54.9V416h-66.4V202.2h63.7v29.2h.9c8.9-16.8 30.6-34.5 62.9-34.5 67.2 0 79.7 44.3 79.7 101.9V416z\"><\/path><\/svg>\t\t\t\t\t\t\t<\/span>\n\t\t\t\t\t\t\t\t\t\t\t\t\t\t\t\t\t\t\t\t<\/div>\n\t\t\t\t\t<\/div>\n\t\t\t\t\t\t\t\t\t<div class=\"elementor-grid-item\" role=\"listitem\">\n\t\t\t\t\t\t<div class=\"elementor-share-btn elementor-share-btn_twitter\" role=\"button\" tabindex=\"0\" aria-label=\"Compartilhar no twitter\">\n\t\t\t\t\t\t\t\t\t\t\t\t\t\t\t<span class=\"elementor-share-btn__icon\">\n\t\t\t\t\t\t\t\t<svg class=\"e-font-icon-svg e-fab-twitter\" viewBox=\"0 0 512 512\" xmlns=\"http:\/\/www.w3.org\/2000\/svg\"><path d=\"M459.37 151.716c.325 4.548.325 9.097.325 13.645 0 138.72-105.583 298.558-298.558 298.558-59.452 0-114.68-17.219-161.137-47.106 8.447.974 16.568 1.299 25.34 1.299 49.055 0 94.213-16.568 130.274-44.832-46.132-.975-84.792-31.188-98.112-72.772 6.498.974 12.995 1.624 19.818 1.624 9.421 0 18.843-1.3 27.614-3.573-48.081-9.747-84.143-51.98-84.143-102.985v-1.299c13.969 7.797 30.214 12.67 47.431 13.319-28.264-18.843-46.781-51.005-46.781-87.391 0-19.492 5.197-37.36 14.294-52.954 51.655 63.675 129.3 105.258 216.365 109.807-1.624-7.797-2.599-15.918-2.599-24.04 0-57.828 46.782-104.934 104.934-104.934 30.213 0 57.502 12.67 76.67 33.137 23.715-4.548 46.456-13.32 66.599-25.34-7.798 24.366-24.366 44.833-46.132 57.827 21.117-2.273 41.584-8.122 60.426-16.243-14.292 20.791-32.161 39.308-52.628 54.253z\"><\/path><\/svg>\t\t\t\t\t\t\t<\/span>\n\t\t\t\t\t\t\t\t\t\t\t\t\t\t\t\t\t\t\t\t<\/div>\n\t\t\t\t\t<\/div>\n\t\t\t\t\t\t\t\t\t<div class=\"elementor-grid-item\" role=\"listitem\">\n\t\t\t\t\t\t<div class=\"elementor-share-btn elementor-share-btn_whatsapp\" role=\"button\" tabindex=\"0\" aria-label=\"Compartilhar no whatsapp\">\n\t\t\t\t\t\t\t\t\t\t\t\t\t\t\t<span class=\"elementor-share-btn__icon\">\n\t\t\t\t\t\t\t\t<svg class=\"e-font-icon-svg e-fab-whatsapp\" viewBox=\"0 0 448 512\" xmlns=\"http:\/\/www.w3.org\/2000\/svg\"><path d=\"M380.9 97.1C339 55.1 283.2 32 223.9 32c-122.4 0-222 99.6-222 222 0 39.1 10.2 77.3 29.6 111L0 480l117.7-30.9c32.4 17.7 68.9 27 106.1 27h.1c122.3 0 224.1-99.6 224.1-222 0-59.3-25.2-115-67.1-157zm-157 341.6c-33.2 0-65.7-8.9-94-25.7l-6.7-4-69.8 18.3L72 359.2l-4.4-7c-18.5-29.4-28.2-63.3-28.2-98.2 0-101.7 82.8-184.5 184.6-184.5 49.3 0 95.6 19.2 130.4 54.1 34.8 34.9 56.2 81.2 56.1 130.5 0 101.8-84.9 184.6-186.6 184.6zm101.2-138.2c-5.5-2.8-32.8-16.2-37.9-18-5.1-1.9-8.8-2.8-12.5 2.8-3.7 5.6-14.3 18-17.6 21.8-3.2 3.7-6.5 4.2-12 1.4-32.6-16.3-54-29.1-75.5-66-5.7-9.8 5.7-9.1 16.3-30.3 1.8-3.7.9-6.9-.5-9.7-1.4-2.8-12.5-30.1-17.1-41.2-4.5-10.8-9.1-9.3-12.5-9.5-3.2-.2-6.9-.2-10.6-.2-3.7 0-9.7 1.4-14.8 6.9-5.1 5.6-19.4 19-19.4 46.3 0 27.3 19.9 53.7 22.6 57.4 2.8 3.7 39.1 59.7 94.8 83.8 35.2 15.2 49 16.5 66.6 13.9 10.7-1.6 32.8-13.4 37.4-26.4 4.6-13 4.6-24.1 3.2-26.4-1.3-2.5-5-3.9-10.5-6.6z\"><\/path><\/svg>\t\t\t\t\t\t\t<\/span>\n\t\t\t\t\t\t\t\t\t\t\t\t\t\t\t\t\t\t\t\t<\/div>\n\t\t\t\t\t<\/div>\n\t\t\t\t\t\t<\/div>\n\t\t\t\t\t\t<\/div>\n\t\t\t\t<\/div>\n\t\t\t\t<div class=\"elementor-element elementor-element-2bc89cb elementor-share-buttons--view-text elementor-share-buttons--skin-flat elementor-share-buttons--align-left elementor-share-buttons--color-custom elementor-share-buttons--shape-square elementor-grid-0 elementor-widget elementor-widget-share-buttons\" data-id=\"2bc89cb\" data-element_type=\"widget\" data-e-type=\"widget\" data-widget_type=\"share-buttons.default\">\n\t\t\t\t<div class=\"elementor-widget-container\">\n\t\t\t\t\t\t\t<div class=\"elementor-grid\">\n\t\t\t\t\t\t\t\t<div class=\"elementor-grid-item\">\n\t\t\t\t\t\t<div class=\"elementor-share-btn elementor-share-btn_email\" role=\"button\" tabindex=\"0\" aria-label=\"Compartilhar no email\">\n\t\t\t\t\t\t\t\t\t\t\t\t\t\t\t\t\t\t\t\t\t\t<div class=\"elementor-share-btn__text\">\n\t\t\t\t\t\t\t\t\t\t\t\t\t\t\t\t\t\t\t<span class=\"elementor-share-btn__title\">\n\t\t\t\t\t\t\t\t\t\tCompartilhar por email\t\t\t\t\t\t\t\t\t<\/span>\n\t\t\t\t\t\t\t\t\t\t\t\t\t\t\t\t\t<\/div>\n\t\t\t\t\t\t\t\t\t\t\t\t\t<\/div>\n\t\t\t\t\t<\/div>\n\t\t\t\t\t\t<\/div>\n\t\t\t\t\t\t<\/div>\n\t\t\t\t<\/div>\n\t\t\t\t<\/div>\n\t\t\t\t<\/div>\n\t\t<div class=\"elementor-element elementor-element-a132e10 e-con-full e-flex e-con e-child\" data-id=\"a132e10\" data-element_type=\"container\" data-e-type=\"container\" data-settings=\"{&quot;_ha_eqh_enable&quot;:false}\">\n\t\t<div class=\"elementor-element elementor-element-c1c6e49 e-con-full e-flex e-con e-child\" data-id=\"c1c6e49\" data-element_type=\"container\" data-e-type=\"container\" data-settings=\"{&quot;background_background&quot;:&quot;classic&quot;,&quot;_ha_eqh_enable&quot;:false}\">\n\t\t\t\t<div class=\"elementor-element elementor-element-1bffacf elementor-widget elementor-widget-text-editor\" data-id=\"1bffacf\" data-element_type=\"widget\" data-e-type=\"widget\" data-widget_type=\"text-editor.default\">\n\t\t\t\t<div class=\"elementor-widget-container\">\n\t\t\t\t\t\t\t\t\t<p><strong>Voc\u00ea est\u00e1 entrando na se\u00e7\u00e3o \u201ctemas relevantes\u201d. <\/strong><\/p><p>Nesta \u00e1rea voc\u00ea encontrar\u00e1 explica\u00e7\u00f5es objetivas sobre os conceitos que mais aparecem no dia a dia de quem lida com dados pessoais. Cada tema foi organizado para mostrar, de forma clara, por que ele \u00e9 importante, quais riscos e benef\u00edcios envolve e como a LGPD orienta a sua aplica\u00e7\u00e3o pr\u00e1tica. Ao final de cada texto destacamos os dispositivos legais que tratam diretamente do assunto, facilitando a consulta e o aprofundamento dos estudos.<\/p>\t\t\t\t\t\t\t\t<\/div>\n\t\t\t\t<\/div>\n\t\t\t\t<\/div>\n\t\t\t\t<\/div>\n\t\t<div class=\"elementor-element elementor-element-5b6ea8f e-con-full e-flex e-con e-child\" data-id=\"5b6ea8f\" data-element_type=\"container\" data-e-type=\"container\" data-settings=\"{&quot;_ha_eqh_enable&quot;:false}\">\n\t\t<div class=\"elementor-element elementor-element-cf0e3ae e-con-full e-flex e-con e-child\" data-id=\"cf0e3ae\" data-element_type=\"container\" data-e-type=\"container\" data-settings=\"{&quot;background_background&quot;:&quot;classic&quot;,&quot;_ha_eqh_enable&quot;:false}\">\n\t\t\t\t<div class=\"elementor-element elementor-element-0462ad0 elementor-hidden-desktop elementor-hidden-laptop elementor-widget elementor-widget-shortcode\" data-id=\"0462ad0\" data-element_type=\"widget\" data-e-type=\"widget\" data-widget_type=\"shortcode.default\">\n\t\t\t\t<div class=\"elementor-widget-container\">\n\t\t\t\t\t\t\t<div class=\"elementor-shortcode\"><ul class=\"lista-temas-relevantes\"><li><a href=\"https:\/\/baptistaluz.com.br\/privacyhub\/agentes-de-tratamento\/\">Agentes de tratamento<\/a><\/li><li><a href=\"https:\/\/baptistaluz.com.br\/privacyhub\/bases-legais\/\">Bases legais<\/a><\/li><li><a href=\"https:\/\/baptistaluz.com.br\/privacyhub\/criancas-e-adolescentes\/\">Crian\u00e7as e Adolescentes<\/a><\/li><li><a href=\"https:\/\/baptistaluz.com.br\/privacyhub\/direitos-dos-titulares\/\">Direitos dos titulares<\/a><\/li><li><a href=\"https:\/\/baptistaluz.com.br\/privacyhub\/encarregado-dpo\/\">Encarregado &#8211; DPO<\/a><\/li><li><a href=\"https:\/\/baptistaluz.com.br\/privacyhub\/incidentes-de-seguranca\/\">Incidentes de Seguran\u00e7a<\/a><\/li><li><a href=\"https:\/\/baptistaluz.com.br\/privacyhub\/inteligencia-artificial\/\">Intelig\u00eancia Artificial<\/a><\/li><li><a href=\"https:\/\/baptistaluz.com.br\/privacyhub\/registro-das-atividades-de-tratamento\/\">Registro das Atividades de Tratamento<\/a><\/li><li><a href=\"https:\/\/baptistaluz.com.br\/privacyhub\/ripd-lia\/\">RIPD &#038; TLI<\/a><\/li><li><a href=\"https:\/\/baptistaluz.com.br\/privacyhub\/sancoes\/\">San\u00e7\u00f5es<\/a><\/li><li><a href=\"https:\/\/baptistaluz.com.br\/privacyhub\/seguranca-da-informacao\/\">Seguran\u00e7a da Informa\u00e7\u00e3o<\/a><\/li><li><a href=\"https:\/\/baptistaluz.com.br\/privacyhub\/transferencia-internacional\/\">Transfer\u00eancia Internacional<\/a><\/li><li><a href=\"https:\/\/baptistaluz.com.br\/privacyhub\/tratamento-de-dados-pelo-poder-publico\/\">Tratamento de Dados pelo Poder P\u00fablico<\/a><\/li><\/ul><\/div>\n\t\t\t\t\t\t<\/div>\n\t\t\t\t<\/div>\n\t\t\t\t<\/div>\n\t\t\t\t<\/div>\n\t\t\t\t<\/div>\n\t\t\t\t<\/div>\n\t\t\t\t<\/div>\n\t\t","protected":false},"excerpt":{"rendered":"<p>Temas relevantes Introdu\u00e7\u00e3o Compartilhe: Compartilhar por email Voc\u00ea est\u00e1 entrando na se\u00e7\u00e3o \u201ctemas relevantes\u201d. Nesta \u00e1rea voc\u00ea encontrar\u00e1 explica\u00e7\u00f5es objetivas sobre os conceitos que mais aparecem no dia a dia de quem lida com dados pessoais. Cada tema foi organizado para mostrar, de forma clara, por que ele \u00e9 importante, quais riscos e benef\u00edcios envolve [&hellip;]<\/p>\n","protected":false},"author":9,"featured_media":0,"parent":0,"menu_order":0,"comment_status":"closed","ping_status":"closed","template":"","meta":{"footnotes":""},"class_list":["post-2511","page","type-page","status-publish","hentry"],"yoast_head":"<!-- This site is optimized with the Yoast SEO plugin v27.2 - https:\/\/yoast.com\/product\/yoast-seo-wordpress\/ -->\n<title>Temas relevantes - PrivacyHub<\/title>\n<meta name=\"robots\" content=\"index, follow, max-snippet:-1, max-image-preview:large, max-video-preview:-1\" \/>\n<link rel=\"canonical\" href=\"https:\/\/baptistaluz.com.br\/privacyhub\/temas-relevantes\/\" \/>\n<meta property=\"og:locale\" content=\"pt_BR\" \/>\n<meta property=\"og:type\" content=\"article\" \/>\n<meta property=\"og:title\" content=\"Temas relevantes - PrivacyHub\" \/>\n<meta property=\"og:description\" content=\"Temas relevantes Introdu\u00e7\u00e3o Compartilhe: Compartilhar por email Voc\u00ea est\u00e1 entrando na se\u00e7\u00e3o \u201ctemas relevantes\u201d. Nesta \u00e1rea voc\u00ea encontrar\u00e1 explica\u00e7\u00f5es objetivas sobre os conceitos que mais aparecem no dia a dia de quem lida com dados pessoais. Cada tema foi organizado para mostrar, de forma clara, por que ele \u00e9 importante, quais riscos e benef\u00edcios envolve [&hellip;]\" \/>\n<meta property=\"og:url\" content=\"https:\/\/baptistaluz.com.br\/privacyhub\/temas-relevantes\/\" \/>\n<meta property=\"og:site_name\" content=\"PrivacyHub\" \/>\n<meta property=\"article:modified_time\" content=\"2025-08-20T14:48:02+00:00\" \/>\n<meta name=\"twitter:card\" content=\"summary_large_image\" \/>\n<meta name=\"twitter:label1\" content=\"Est. tempo de leitura\" \/>\n\t<meta name=\"twitter:data1\" content=\"1 minuto\" \/>\n<script type=\"application\/ld+json\" class=\"yoast-schema-graph\">{\"@context\":\"https:\/\/schema.org\",\"@graph\":[{\"@type\":\"WebPage\",\"@id\":\"https:\/\/baptistaluz.com.br\/privacyhub\/temas-relevantes\/\",\"url\":\"https:\/\/baptistaluz.com.br\/privacyhub\/temas-relevantes\/\",\"name\":\"Temas relevantes - PrivacyHub\",\"isPartOf\":{\"@id\":\"https:\/\/baptistaluz.com.br\/privacyhub\/#website\"},\"datePublished\":\"2025-06-06T13:51:42+00:00\",\"dateModified\":\"2025-08-20T14:48:02+00:00\",\"breadcrumb\":{\"@id\":\"https:\/\/baptistaluz.com.br\/privacyhub\/temas-relevantes\/#breadcrumb\"},\"inLanguage\":\"pt-BR\",\"potentialAction\":[{\"@type\":\"ReadAction\",\"target\":[\"https:\/\/baptistaluz.com.br\/privacyhub\/temas-relevantes\/\"]}]},{\"@type\":\"BreadcrumbList\",\"@id\":\"https:\/\/baptistaluz.com.br\/privacyhub\/temas-relevantes\/#breadcrumb\",\"itemListElement\":[{\"@type\":\"ListItem\",\"position\":1,\"name\":\"In\u00edcio\",\"item\":\"https:\/\/baptistaluz.com.br\/privacyhub\/\"},{\"@type\":\"ListItem\",\"position\":2,\"name\":\"Temas relevantes\"}]},{\"@type\":\"WebSite\",\"@id\":\"https:\/\/baptistaluz.com.br\/privacyhub\/#website\",\"url\":\"https:\/\/baptistaluz.com.br\/privacyhub\/\",\"name\":\"PrivacyHub\",\"description\":\"\",\"potentialAction\":[{\"@type\":\"SearchAction\",\"target\":{\"@type\":\"EntryPoint\",\"urlTemplate\":\"https:\/\/baptistaluz.com.br\/privacyhub\/?s={search_term_string}\"},\"query-input\":{\"@type\":\"PropertyValueSpecification\",\"valueRequired\":true,\"valueName\":\"search_term_string\"}}],\"inLanguage\":\"pt-BR\"}]}<\/script>\n<!-- \/ Yoast SEO plugin. -->","yoast_head_json":{"title":"Temas relevantes - PrivacyHub","robots":{"index":"index","follow":"follow","max-snippet":"max-snippet:-1","max-image-preview":"max-image-preview:large","max-video-preview":"max-video-preview:-1"},"canonical":"https:\/\/baptistaluz.com.br\/privacyhub\/temas-relevantes\/","og_locale":"pt_BR","og_type":"article","og_title":"Temas relevantes - PrivacyHub","og_description":"Temas relevantes Introdu\u00e7\u00e3o Compartilhe: Compartilhar por email Voc\u00ea est\u00e1 entrando na se\u00e7\u00e3o \u201ctemas relevantes\u201d. Nesta \u00e1rea voc\u00ea encontrar\u00e1 explica\u00e7\u00f5es objetivas sobre os conceitos que mais aparecem no dia a dia de quem lida com dados pessoais. Cada tema foi organizado para mostrar, de forma clara, por que ele \u00e9 importante, quais riscos e benef\u00edcios envolve [&hellip;]","og_url":"https:\/\/baptistaluz.com.br\/privacyhub\/temas-relevantes\/","og_site_name":"PrivacyHub","article_modified_time":"2025-08-20T14:48:02+00:00","twitter_card":"summary_large_image","twitter_misc":{"Est. tempo de leitura":"1 minuto"},"schema":{"@context":"https:\/\/schema.org","@graph":[{"@type":"WebPage","@id":"https:\/\/baptistaluz.com.br\/privacyhub\/temas-relevantes\/","url":"https:\/\/baptistaluz.com.br\/privacyhub\/temas-relevantes\/","name":"Temas relevantes - PrivacyHub","isPartOf":{"@id":"https:\/\/baptistaluz.com.br\/privacyhub\/#website"},"datePublished":"2025-06-06T13:51:42+00:00","dateModified":"2025-08-20T14:48:02+00:00","breadcrumb":{"@id":"https:\/\/baptistaluz.com.br\/privacyhub\/temas-relevantes\/#breadcrumb"},"inLanguage":"pt-BR","potentialAction":[{"@type":"ReadAction","target":["https:\/\/baptistaluz.com.br\/privacyhub\/temas-relevantes\/"]}]},{"@type":"BreadcrumbList","@id":"https:\/\/baptistaluz.com.br\/privacyhub\/temas-relevantes\/#breadcrumb","itemListElement":[{"@type":"ListItem","position":1,"name":"In\u00edcio","item":"https:\/\/baptistaluz.com.br\/privacyhub\/"},{"@type":"ListItem","position":2,"name":"Temas relevantes"}]},{"@type":"WebSite","@id":"https:\/\/baptistaluz.com.br\/privacyhub\/#website","url":"https:\/\/baptistaluz.com.br\/privacyhub\/","name":"PrivacyHub","description":"","potentialAction":[{"@type":"SearchAction","target":{"@type":"EntryPoint","urlTemplate":"https:\/\/baptistaluz.com.br\/privacyhub\/?s={search_term_string}"},"query-input":{"@type":"PropertyValueSpecification","valueRequired":true,"valueName":"search_term_string"}}],"inLanguage":"pt-BR"}]}},"_links":{"self":[{"href":"https:\/\/baptistaluz.com.br\/privacyhub\/wp-json\/wp\/v2\/pages\/2511","targetHints":{"allow":["GET"]}}],"collection":[{"href":"https:\/\/baptistaluz.com.br\/privacyhub\/wp-json\/wp\/v2\/pages"}],"about":[{"href":"https:\/\/baptistaluz.com.br\/privacyhub\/wp-json\/wp\/v2\/types\/page"}],"author":[{"embeddable":true,"href":"https:\/\/baptistaluz.com.br\/privacyhub\/wp-json\/wp\/v2\/users\/9"}],"replies":[{"embeddable":true,"href":"https:\/\/baptistaluz.com.br\/privacyhub\/wp-json\/wp\/v2\/comments?post=2511"}],"version-history":[{"count":121,"href":"https:\/\/baptistaluz.com.br\/privacyhub\/wp-json\/wp\/v2\/pages\/2511\/revisions"}],"predecessor-version":[{"id":6412,"href":"https:\/\/baptistaluz.com.br\/privacyhub\/wp-json\/wp\/v2\/pages\/2511\/revisions\/6412"}],"wp:attachment":[{"href":"https:\/\/baptistaluz.com.br\/privacyhub\/wp-json\/wp\/v2\/media?parent=2511"}],"curies":[{"name":"wp","href":"https:\/\/api.w.org\/{rel}","templated":true}]}}