{"id":2963,"date":"2025-06-07T15:37:14","date_gmt":"2025-06-07T18:37:14","guid":{"rendered":"https:\/\/ohmycodes.com\/projetos\/privacyhub\/privacy\/?page_id=2963"},"modified":"2025-07-11T10:45:13","modified_gmt":"2025-07-11T13:45:13","slug":"industria","status":"publish","type":"page","link":"https:\/\/baptistaluz.com.br\/privacyhub\/legislacoes\/industria\/","title":{"rendered":"Ind\u00fastria"},"content":{"rendered":"\t\t<div data-elementor-type=\"wp-page\" data-elementor-id=\"2963\" class=\"elementor elementor-2963\" data-elementor-settings=\"{&quot;ha_cmc_init_switcher&quot;:&quot;no&quot;}\" data-elementor-post-type=\"page\">\n\t\t\t\t<div class=\"elementor-element elementor-element-4c431da e-flex e-con-boxed e-con e-parent\" data-id=\"4c431da\" data-element_type=\"container\" data-e-type=\"container\" data-settings=\"{&quot;background_background&quot;:&quot;classic&quot;,&quot;_ha_eqh_enable&quot;:false}\">\n\t\t\t\t\t<div class=\"e-con-inner\">\n\t\t<div class=\"elementor-element elementor-element-780e582 e-con-full e-flex e-con e-child\" data-id=\"780e582\" data-element_type=\"container\" data-e-type=\"container\" data-settings=\"{&quot;_ha_eqh_enable&quot;:false}\">\n\t\t\t\t<div class=\"elementor-element elementor-element-e261723 elementor-widget elementor-widget-heading\" data-id=\"e261723\" data-element_type=\"widget\" data-e-type=\"widget\" data-widget_type=\"heading.default\">\n\t\t\t\t<div class=\"elementor-widget-container\">\n\t\t\t\t\t<h2 class=\"elementor-heading-title elementor-size-default\"><a href=\"https:\/\/baptistaluz.com.br\/privacyhub\/legislacoes\/\">Mapeamento de legisla\u00e7\u00f5es<\/a><\/h2>\t\t\t\t<\/div>\n\t\t\t\t<\/div>\n\t\t\t\t<div class=\"elementor-element elementor-element-d47a665 elementor-widget elementor-widget-heading\" data-id=\"d47a665\" data-element_type=\"widget\" data-e-type=\"widget\" data-widget_type=\"heading.default\">\n\t\t\t\t<div class=\"elementor-widget-container\">\n\t\t\t\t\t<h2 class=\"elementor-heading-title elementor-size-default\">\/ Ind\u00fastria<\/h2>\t\t\t\t<\/div>\n\t\t\t\t<\/div>\n\t\t\t\t<\/div>\n\t\t\t\t<div class=\"elementor-element elementor-element-aaa11d7 elementor-widget elementor-widget-heading\" data-id=\"aaa11d7\" data-element_type=\"widget\" data-e-type=\"widget\" data-widget_type=\"heading.default\">\n\t\t\t\t<div class=\"elementor-widget-container\">\n\t\t\t\t\t<h2 class=\"elementor-heading-title elementor-size-default\">Ind\u00fastria<\/h2>\t\t\t\t<\/div>\n\t\t\t\t<\/div>\n\t\t\t\t<div class=\"elementor-element elementor-element-3b5f9ea elementor-widget elementor-widget-text-editor\" data-id=\"3b5f9ea\" data-element_type=\"widget\" data-e-type=\"widget\" data-widget_type=\"text-editor.default\">\n\t\t\t\t<div class=\"elementor-widget-container\">\n\t\t\t\t\t\t\t\t\t<p>A ind\u00fastria transforma mat\u00e9ria-prima em bens que abastecem cadeias produtivas em todo o mundo, movimentando pesquisa, engenharia, log\u00edstica e com\u00e9rcio exterior. O segmento abriga polos automobil\u00edsticos, agroalimentares, qu\u00edmicos, metal\u00fargicos, energ\u00e9ticos e t\u00eaxteis, entre outros. Cada ramo possui especificidades t\u00e9cnicas e ambientais que moldam suas rotinas de certifica\u00e7\u00e3o e de licenciamento, por\u00e9m compartilham a necessidade de inova\u00e7\u00e3o cont\u00ednua, automa\u00e7\u00e3o de processos e qualifica\u00e7\u00e3o da m\u00e3o de obra. Rela\u00e7\u00f5es com fornecedores globais, programas de sustentabilidade e exig\u00eancias de qualidade em escala internacional s\u00e3o caracter\u00edsticas marcantes desse universo.<\/p>\t\t\t\t\t\t\t\t<\/div>\n\t\t\t\t<\/div>\n\t\t<div class=\"elementor-element elementor-element-258d0df e-con-full e-flex e-con e-child\" data-id=\"258d0df\" data-element_type=\"container\" data-e-type=\"container\" data-settings=\"{&quot;_ha_eqh_enable&quot;:false}\">\n\t\t<div class=\"elementor-element elementor-element-b95cdf3 e-con-full e-flex e-con e-child\" data-id=\"b95cdf3\" data-element_type=\"container\" data-e-type=\"container\" data-settings=\"{&quot;background_background&quot;:&quot;classic&quot;,&quot;_ha_eqh_enable&quot;:false}\">\n\t\t<div class=\"elementor-element elementor-element-20b24f0 e-con-full e-flex e-con e-child\" data-id=\"20b24f0\" data-element_type=\"container\" data-e-type=\"container\" data-settings=\"{&quot;_ha_eqh_enable&quot;:false}\">\n\t\t\t\t<div class=\"elementor-element elementor-element-2f61f96 elementor-view-default elementor-widget elementor-widget-icon\" data-id=\"2f61f96\" data-element_type=\"widget\" data-e-type=\"widget\" data-widget_type=\"icon.default\">\n\t\t\t\t<div class=\"elementor-widget-container\">\n\t\t\t\t\t\t\t<div class=\"elementor-icon-wrapper\">\n\t\t\t<div class=\"elementor-icon\">\n\t\t\t<svg xmlns=\"http:\/\/www.w3.org\/2000\/svg\" height=\"24px\" viewBox=\"0 -960 960 960\" width=\"24px\" fill=\"#e8eaed\"><path d=\"M240-200v40q0 17-11.5 28.5T200-120h-40q-17 0-28.5-11.5T120-160v-320l84-240q6-18 21.5-29t34.5-11h440q19 0 34.5 11t21.5 29l84 240v320q0 17-11.5 28.5T800-120h-40q-17 0-28.5-11.5T720-160v-40H240Zm-8-360h496l-42-120H274l-42 120Zm-32 80v200-200Zm100 160q25 0 42.5-17.5T360-380q0-25-17.5-42.5T300-440q-25 0-42.5 17.5T240-380q0 25 17.5 42.5T300-320Zm360 0q25 0 42.5-17.5T720-380q0-25-17.5-42.5T660-440q-25 0-42.5 17.5T600-380q0 25 17.5 42.5T660-320Zm-460 40h560v-200H200v200Z\"><\/path><\/svg>\t\t\t<\/div>\n\t\t<\/div>\n\t\t\t\t\t\t<\/div>\n\t\t\t\t<\/div>\n\t\t\t\t<div class=\"elementor-element elementor-element-28e85a4 elementor-widget-divider--view-line elementor-widget elementor-widget-divider\" data-id=\"28e85a4\" data-element_type=\"widget\" data-e-type=\"widget\" data-widget_type=\"divider.default\">\n\t\t\t\t<div class=\"elementor-widget-container\">\n\t\t\t\t\t\t\t<div class=\"elementor-divider\">\n\t\t\t<span class=\"elementor-divider-separator\">\n\t\t\t\t\t\t<\/span>\n\t\t<\/div>\n\t\t\t\t\t\t<\/div>\n\t\t\t\t<\/div>\n\t\t\t\t<div class=\"elementor-element elementor-element-518f1ea elementor-widget elementor-widget-heading\" data-id=\"518f1ea\" data-element_type=\"widget\" data-e-type=\"widget\" data-widget_type=\"heading.default\">\n\t\t\t\t<div class=\"elementor-widget-container\">\n\t\t\t\t\t<h2 class=\"elementor-heading-title elementor-size-default\">Automobil\u00edstica<\/h2>\t\t\t\t<\/div>\n\t\t\t\t<\/div>\n\t\t\t\t<\/div>\n\t\t\t\t<div class=\"elementor-element elementor-element-c2261f7 elementor-align-center elementor-widget elementor-widget-button\" data-id=\"c2261f7\" data-element_type=\"widget\" data-e-type=\"widget\" data-widget_type=\"button.default\">\n\t\t\t\t<div class=\"elementor-widget-container\">\n\t\t\t\t\t\t\t\t\t<div class=\"elementor-button-wrapper\">\n\t\t\t\t\t<a class=\"elementor-button elementor-button-link elementor-size-sm\" href=\"https:\/\/baptistaluz.com.br\/privacyhub\/legislacoes\/industria\/automobilistica\/\">\n\t\t\t\t\t\t<span class=\"elementor-button-content-wrapper\">\n\t\t\t\t\t\t\t\t\t<span class=\"elementor-button-text\">Acesse<\/span>\n\t\t\t\t\t<\/span>\n\t\t\t\t\t<\/a>\n\t\t\t\t<\/div>\n\t\t\t\t\t\t\t\t<\/div>\n\t\t\t\t<\/div>\n\t\t\t\t<\/div>\n\t\t<div class=\"elementor-element elementor-element-4f9cf86 e-con-full e-flex e-con e-child\" data-id=\"4f9cf86\" data-element_type=\"container\" data-e-type=\"container\" data-settings=\"{&quot;background_background&quot;:&quot;classic&quot;,&quot;_ha_eqh_enable&quot;:false}\">\n\t\t<div class=\"elementor-element elementor-element-9d2bc77 e-con-full e-flex e-con e-child\" data-id=\"9d2bc77\" data-element_type=\"container\" data-e-type=\"container\" data-settings=\"{&quot;_ha_eqh_enable&quot;:false}\">\n\t\t\t\t<div class=\"elementor-element elementor-element-056581a elementor-view-default elementor-widget elementor-widget-icon\" data-id=\"056581a\" data-element_type=\"widget\" data-e-type=\"widget\" data-widget_type=\"icon.default\">\n\t\t\t\t<div class=\"elementor-widget-container\">\n\t\t\t\t\t\t\t<div class=\"elementor-icon-wrapper\">\n\t\t\t<div class=\"elementor-icon\">\n\t\t\t<svg xmlns=\"http:\/\/www.w3.org\/2000\/svg\" height=\"24px\" viewBox=\"0 -960 960 960\" width=\"24px\" fill=\"#e8eaed\"><path d=\"M240-80v-366q-54-14-87-57t-33-97v-280h80v240h40v-240h80v240h40v-240h80v280q0 54-33 97t-87 57v366h-80Zm400 0v-381q-54-18-87-75.5T520-667q0-89 47-151t113-62q66 0 113 62.5T840-666q0 73-33 130t-87 75v381h-80Z\"><\/path><\/svg>\t\t\t<\/div>\n\t\t<\/div>\n\t\t\t\t\t\t<\/div>\n\t\t\t\t<\/div>\n\t\t\t\t<div class=\"elementor-element elementor-element-da5d348 elementor-widget-divider--view-line elementor-widget elementor-widget-divider\" data-id=\"da5d348\" data-element_type=\"widget\" data-e-type=\"widget\" data-widget_type=\"divider.default\">\n\t\t\t\t<div class=\"elementor-widget-container\">\n\t\t\t\t\t\t\t<div class=\"elementor-divider\">\n\t\t\t<span class=\"elementor-divider-separator\">\n\t\t\t\t\t\t<\/span>\n\t\t<\/div>\n\t\t\t\t\t\t<\/div>\n\t\t\t\t<\/div>\n\t\t\t\t<div class=\"elementor-element elementor-element-267f75f elementor-widget elementor-widget-heading\" data-id=\"267f75f\" data-element_type=\"widget\" data-e-type=\"widget\" data-widget_type=\"heading.default\">\n\t\t\t\t<div class=\"elementor-widget-container\">\n\t\t\t\t\t<h2 class=\"elementor-heading-title elementor-size-default\">Aliment\u00edcia<\/h2>\t\t\t\t<\/div>\n\t\t\t\t<\/div>\n\t\t\t\t<\/div>\n\t\t\t\t<div class=\"elementor-element elementor-element-552a1b5 elementor-align-center elementor-widget elementor-widget-button\" data-id=\"552a1b5\" data-element_type=\"widget\" data-e-type=\"widget\" data-widget_type=\"button.default\">\n\t\t\t\t<div class=\"elementor-widget-container\">\n\t\t\t\t\t\t\t\t\t<div class=\"elementor-button-wrapper\">\n\t\t\t\t\t<a class=\"elementor-button elementor-button-link elementor-size-sm\" href=\"https:\/\/baptistaluz.com.br\/privacyhub\/legislacoes\/industria\/alimenticio\/\">\n\t\t\t\t\t\t<span class=\"elementor-button-content-wrapper\">\n\t\t\t\t\t\t\t\t\t<span class=\"elementor-button-text\">Acesse<\/span>\n\t\t\t\t\t<\/span>\n\t\t\t\t\t<\/a>\n\t\t\t\t<\/div>\n\t\t\t\t\t\t\t\t<\/div>\n\t\t\t\t<\/div>\n\t\t\t\t<\/div>\n\t\t<div class=\"elementor-element elementor-element-3afa7ab e-con-full e-flex e-con e-child\" data-id=\"3afa7ab\" data-element_type=\"container\" data-e-type=\"container\" data-settings=\"{&quot;background_background&quot;:&quot;classic&quot;,&quot;_ha_eqh_enable&quot;:false}\">\n\t\t<div class=\"elementor-element elementor-element-f279bfd e-con-full e-flex e-con e-child\" data-id=\"f279bfd\" data-element_type=\"container\" data-e-type=\"container\" data-settings=\"{&quot;_ha_eqh_enable&quot;:false}\">\n\t\t\t\t<div class=\"elementor-element elementor-element-7e07c16 elementor-view-default elementor-widget elementor-widget-icon\" data-id=\"7e07c16\" data-element_type=\"widget\" data-e-type=\"widget\" data-widget_type=\"icon.default\">\n\t\t\t\t<div class=\"elementor-widget-container\">\n\t\t\t\t\t\t\t<div class=\"elementor-icon-wrapper\">\n\t\t\t<div class=\"elementor-icon\">\n\t\t\t<svg xmlns=\"http:\/\/www.w3.org\/2000\/svg\" height=\"24px\" viewBox=\"0 -960 960 960\" width=\"24px\" fill=\"#e8eaed\"><path d=\"M200-120q-51 0-72.5-45.5T138-250l222-270v-240h-40q-17 0-28.5-11.5T280-800q0-17 11.5-28.5T320-840h320q17 0 28.5 11.5T680-800q0 17-11.5 28.5T640-760h-40v240l222 270q32 39 10.5 84.5T760-120H200Zm80-120h400L544-400H416L280-240Zm-80 40h560L520-492v-268h-80v268L200-200Zm280-280Z\"><\/path><\/svg>\t\t\t<\/div>\n\t\t<\/div>\n\t\t\t\t\t\t<\/div>\n\t\t\t\t<\/div>\n\t\t\t\t<div class=\"elementor-element elementor-element-034ac71 elementor-widget-divider--view-line elementor-widget elementor-widget-divider\" data-id=\"034ac71\" data-element_type=\"widget\" data-e-type=\"widget\" data-widget_type=\"divider.default\">\n\t\t\t\t<div class=\"elementor-widget-container\">\n\t\t\t\t\t\t\t<div class=\"elementor-divider\">\n\t\t\t<span class=\"elementor-divider-separator\">\n\t\t\t\t\t\t<\/span>\n\t\t<\/div>\n\t\t\t\t\t\t<\/div>\n\t\t\t\t<\/div>\n\t\t\t\t<div class=\"elementor-element elementor-element-d3467f9 elementor-widget elementor-widget-heading\" data-id=\"d3467f9\" data-element_type=\"widget\" data-e-type=\"widget\" data-widget_type=\"heading.default\">\n\t\t\t\t<div class=\"elementor-widget-container\">\n\t\t\t\t\t<h2 class=\"elementor-heading-title elementor-size-default\">Qu\u00edmica<\/h2>\t\t\t\t<\/div>\n\t\t\t\t<\/div>\n\t\t\t\t<\/div>\n\t\t\t\t<div class=\"elementor-element elementor-element-1f31c7a elementor-align-center elementor-widget elementor-widget-button\" data-id=\"1f31c7a\" data-element_type=\"widget\" data-e-type=\"widget\" data-widget_type=\"button.default\">\n\t\t\t\t<div class=\"elementor-widget-container\">\n\t\t\t\t\t\t\t\t\t<div class=\"elementor-button-wrapper\">\n\t\t\t\t\t<a class=\"elementor-button elementor-button-link elementor-size-sm\" href=\"https:\/\/baptistaluz.com.br\/privacyhub\/legislacoes\/industria\/quimico\/\">\n\t\t\t\t\t\t<span class=\"elementor-button-content-wrapper\">\n\t\t\t\t\t\t\t\t\t<span class=\"elementor-button-text\">Acesse<\/span>\n\t\t\t\t\t<\/span>\n\t\t\t\t\t<\/a>\n\t\t\t\t<\/div>\n\t\t\t\t\t\t\t\t<\/div>\n\t\t\t\t<\/div>\n\t\t\t\t<\/div>\n\t\t<div class=\"elementor-element elementor-element-29e39e5 e-con-full e-flex e-con e-child\" data-id=\"29e39e5\" data-element_type=\"container\" data-e-type=\"container\" data-settings=\"{&quot;background_background&quot;:&quot;classic&quot;,&quot;_ha_eqh_enable&quot;:false}\">\n\t\t<div class=\"elementor-element elementor-element-44e3fce e-con-full e-flex e-con e-child\" data-id=\"44e3fce\" data-element_type=\"container\" data-e-type=\"container\" data-settings=\"{&quot;_ha_eqh_enable&quot;:false}\">\n\t\t\t\t<div class=\"elementor-element elementor-element-7229c23 elementor-view-default elementor-widget elementor-widget-icon\" data-id=\"7229c23\" data-element_type=\"widget\" data-e-type=\"widget\" data-widget_type=\"icon.default\">\n\t\t\t\t<div class=\"elementor-widget-container\">\n\t\t\t\t\t\t\t<div class=\"elementor-icon-wrapper\">\n\t\t\t<div class=\"elementor-icon\">\n\t\t\t<svg xmlns=\"http:\/\/www.w3.org\/2000\/svg\" height=\"24px\" viewBox=\"0 -960 960 960\" width=\"24px\" fill=\"#e8eaed\"><path d=\"M80-80v-481l280-119v80l200-80v120h320v480H80Zm80-80h640v-320H480v-82l-200 80v-78l-120 53v347Zm280-80h80v-160h-80v160Zm-160 0h80v-160h-80v160Zm320 0h80v-160h-80v160Zm280-320H680l40-320h120l40 320ZM160-160h640-640Z\"><\/path><\/svg>\t\t\t<\/div>\n\t\t<\/div>\n\t\t\t\t\t\t<\/div>\n\t\t\t\t<\/div>\n\t\t\t\t<div class=\"elementor-element elementor-element-84af4d6 elementor-widget-divider--view-line elementor-widget elementor-widget-divider\" data-id=\"84af4d6\" data-element_type=\"widget\" data-e-type=\"widget\" data-widget_type=\"divider.default\">\n\t\t\t\t<div class=\"elementor-widget-container\">\n\t\t\t\t\t\t\t<div class=\"elementor-divider\">\n\t\t\t<span class=\"elementor-divider-separator\">\n\t\t\t\t\t\t<\/span>\n\t\t<\/div>\n\t\t\t\t\t\t<\/div>\n\t\t\t\t<\/div>\n\t\t\t\t<div class=\"elementor-element elementor-element-4b95ad7 elementor-widget elementor-widget-heading\" data-id=\"4b95ad7\" data-element_type=\"widget\" data-e-type=\"widget\" data-widget_type=\"heading.default\">\n\t\t\t\t<div class=\"elementor-widget-container\">\n\t\t\t\t\t<h2 class=\"elementor-heading-title elementor-size-default\">Metal\u00fargica<\/h2>\t\t\t\t<\/div>\n\t\t\t\t<\/div>\n\t\t\t\t<\/div>\n\t\t\t\t<div class=\"elementor-element elementor-element-3a5da7e elementor-align-center elementor-widget elementor-widget-button\" data-id=\"3a5da7e\" data-element_type=\"widget\" data-e-type=\"widget\" data-widget_type=\"button.default\">\n\t\t\t\t<div class=\"elementor-widget-container\">\n\t\t\t\t\t\t\t\t\t<div class=\"elementor-button-wrapper\">\n\t\t\t\t\t<a class=\"elementor-button elementor-button-link elementor-size-sm\" href=\"https:\/\/baptistaluz.com.br\/privacyhub\/legislacoes\/industria\/metalurgica\/\">\n\t\t\t\t\t\t<span class=\"elementor-button-content-wrapper\">\n\t\t\t\t\t\t\t\t\t<span class=\"elementor-button-text\">Acesse<\/span>\n\t\t\t\t\t<\/span>\n\t\t\t\t\t<\/a>\n\t\t\t\t<\/div>\n\t\t\t\t\t\t\t\t<\/div>\n\t\t\t\t<\/div>\n\t\t\t\t<\/div>\n\t\t<div class=\"elementor-element elementor-element-b457e1d e-con-full e-flex e-con e-child\" data-id=\"b457e1d\" data-element_type=\"container\" data-e-type=\"container\" data-settings=\"{&quot;background_background&quot;:&quot;classic&quot;,&quot;_ha_eqh_enable&quot;:false}\">\n\t\t<div class=\"elementor-element elementor-element-a02fa11 e-con-full e-flex e-con e-child\" data-id=\"a02fa11\" data-element_type=\"container\" data-e-type=\"container\" data-settings=\"{&quot;_ha_eqh_enable&quot;:false}\">\n\t\t\t\t<div class=\"elementor-element elementor-element-6fb5bef elementor-view-default elementor-widget elementor-widget-icon\" data-id=\"6fb5bef\" data-element_type=\"widget\" data-e-type=\"widget\" data-widget_type=\"icon.default\">\n\t\t\t\t<div class=\"elementor-widget-container\">\n\t\t\t\t\t\t\t<div class=\"elementor-icon-wrapper\">\n\t\t\t<div class=\"elementor-icon\">\n\t\t\t<svg aria-hidden=\"true\" class=\"e-font-icon-svg e-far-lightbulb\" viewBox=\"0 0 352 512\" xmlns=\"http:\/\/www.w3.org\/2000\/svg\"><path d=\"M176 80c-52.94 0-96 43.06-96 96 0 8.84 7.16 16 16 16s16-7.16 16-16c0-35.3 28.72-64 64-64 8.84 0 16-7.16 16-16s-7.16-16-16-16zM96.06 459.17c0 3.15.93 6.22 2.68 8.84l24.51 36.84c2.97 4.46 7.97 7.14 13.32 7.14h78.85c5.36 0 10.36-2.68 13.32-7.14l24.51-36.84c1.74-2.62 2.67-5.7 2.68-8.84l.05-43.18H96.02l.04 43.18zM176 0C73.72 0 0 82.97 0 176c0 44.37 16.45 84.85 43.56 115.78 16.64 18.99 42.74 58.8 52.42 92.16v.06h48v-.12c-.01-4.77-.72-9.51-2.15-14.07-5.59-17.81-22.82-64.77-62.17-109.67-20.54-23.43-31.52-53.15-31.61-84.14-.2-73.64 59.67-128 127.95-128 70.58 0 128 57.42 128 128 0 30.97-11.24 60.85-31.65 84.14-39.11 44.61-56.42 91.47-62.1 109.46a47.507 47.507 0 0 0-2.22 14.3v.1h48v-.05c9.68-33.37 35.78-73.18 52.42-92.16C335.55 260.85 352 220.37 352 176 352 78.8 273.2 0 176 0z\"><\/path><\/svg>\t\t\t<\/div>\n\t\t<\/div>\n\t\t\t\t\t\t<\/div>\n\t\t\t\t<\/div>\n\t\t\t\t<div class=\"elementor-element elementor-element-1457a9b elementor-widget-divider--view-line elementor-widget elementor-widget-divider\" data-id=\"1457a9b\" data-element_type=\"widget\" data-e-type=\"widget\" data-widget_type=\"divider.default\">\n\t\t\t\t<div class=\"elementor-widget-container\">\n\t\t\t\t\t\t\t<div class=\"elementor-divider\">\n\t\t\t<span class=\"elementor-divider-separator\">\n\t\t\t\t\t\t<\/span>\n\t\t<\/div>\n\t\t\t\t\t\t<\/div>\n\t\t\t\t<\/div>\n\t\t\t\t<div class=\"elementor-element elementor-element-e8f7972 elementor-widget elementor-widget-heading\" data-id=\"e8f7972\" data-element_type=\"widget\" data-e-type=\"widget\" data-widget_type=\"heading.default\">\n\t\t\t\t<div class=\"elementor-widget-container\">\n\t\t\t\t\t<h2 class=\"elementor-heading-title elementor-size-default\">Energia<\/h2>\t\t\t\t<\/div>\n\t\t\t\t<\/div>\n\t\t\t\t<\/div>\n\t\t\t\t<div class=\"elementor-element elementor-element-8dcd20e elementor-align-center elementor-widget elementor-widget-button\" data-id=\"8dcd20e\" data-element_type=\"widget\" data-e-type=\"widget\" data-widget_type=\"button.default\">\n\t\t\t\t<div class=\"elementor-widget-container\">\n\t\t\t\t\t\t\t\t\t<div class=\"elementor-button-wrapper\">\n\t\t\t\t\t<a class=\"elementor-button elementor-button-link elementor-size-sm\" href=\"https:\/\/baptistaluz.com.br\/privacyhub\/legislacoes\/industria\/energia\/\">\n\t\t\t\t\t\t<span class=\"elementor-button-content-wrapper\">\n\t\t\t\t\t\t\t\t\t<span class=\"elementor-button-text\">Acesse<\/span>\n\t\t\t\t\t<\/span>\n\t\t\t\t\t<\/a>\n\t\t\t\t<\/div>\n\t\t\t\t\t\t\t\t<\/div>\n\t\t\t\t<\/div>\n\t\t\t\t<\/div>\n\t\t\t\t<\/div>\n\t\t\t\t\t<\/div>\n\t\t\t\t<\/div>\n\t\t\t\t<\/div>\n\t\t","protected":false},"excerpt":{"rendered":"<p>Mapeamento de legisla\u00e7\u00f5es \/ Ind\u00fastria Ind\u00fastria A ind\u00fastria transforma mat\u00e9ria-prima em bens que abastecem cadeias produtivas em todo o mundo, movimentando pesquisa, engenharia, log\u00edstica e com\u00e9rcio exterior. O segmento abriga polos automobil\u00edsticos, agroalimentares, qu\u00edmicos, metal\u00fargicos, energ\u00e9ticos e t\u00eaxteis, entre outros. Cada ramo possui especificidades t\u00e9cnicas e ambientais que moldam suas rotinas de certifica\u00e7\u00e3o e de [&hellip;]<\/p>\n","protected":false},"author":9,"featured_media":0,"parent":1561,"menu_order":0,"comment_status":"closed","ping_status":"closed","template":"elementor_header_footer","meta":{"footnotes":""},"class_list":["post-2963","page","type-page","status-publish","hentry"],"yoast_head":"<!-- This site is optimized with the Yoast SEO plugin v27.2 - https:\/\/yoast.com\/product\/yoast-seo-wordpress\/ -->\n<title>Ind\u00fastria - PrivacyHub<\/title>\n<meta name=\"robots\" content=\"index, follow, max-snippet:-1, max-image-preview:large, max-video-preview:-1\" \/>\n<link rel=\"canonical\" href=\"https:\/\/baptistaluz.com.br\/privacyhub\/legislacoes\/industria\/\" \/>\n<meta property=\"og:locale\" content=\"pt_BR\" \/>\n<meta property=\"og:type\" content=\"article\" \/>\n<meta property=\"og:title\" content=\"Ind\u00fastria - PrivacyHub\" \/>\n<meta property=\"og:description\" content=\"Mapeamento de legisla\u00e7\u00f5es \/ Ind\u00fastria Ind\u00fastria A ind\u00fastria transforma mat\u00e9ria-prima em bens que abastecem cadeias produtivas em todo o mundo, movimentando pesquisa, engenharia, log\u00edstica e com\u00e9rcio exterior. O segmento abriga polos automobil\u00edsticos, agroalimentares, qu\u00edmicos, metal\u00fargicos, energ\u00e9ticos e t\u00eaxteis, entre outros. Cada ramo possui especificidades t\u00e9cnicas e ambientais que moldam suas rotinas de certifica\u00e7\u00e3o e de [&hellip;]\" \/>\n<meta property=\"og:url\" content=\"https:\/\/baptistaluz.com.br\/privacyhub\/legislacoes\/industria\/\" \/>\n<meta property=\"og:site_name\" content=\"PrivacyHub\" \/>\n<meta property=\"article:modified_time\" content=\"2025-07-11T13:45:13+00:00\" \/>\n<meta name=\"twitter:card\" content=\"summary_large_image\" \/>\n<meta name=\"twitter:label1\" content=\"Est. tempo de leitura\" \/>\n\t<meta name=\"twitter:data1\" content=\"1 minuto\" \/>\n<script type=\"application\/ld+json\" class=\"yoast-schema-graph\">{\"@context\":\"https:\/\/schema.org\",\"@graph\":[{\"@type\":\"WebPage\",\"@id\":\"https:\/\/baptistaluz.com.br\/privacyhub\/legislacoes\/industria\/\",\"url\":\"https:\/\/baptistaluz.com.br\/privacyhub\/legislacoes\/industria\/\",\"name\":\"Ind\u00fastria - PrivacyHub\",\"isPartOf\":{\"@id\":\"https:\/\/baptistaluz.com.br\/privacyhub\/#website\"},\"datePublished\":\"2025-06-07T18:37:14+00:00\",\"dateModified\":\"2025-07-11T13:45:13+00:00\",\"breadcrumb\":{\"@id\":\"https:\/\/baptistaluz.com.br\/privacyhub\/legislacoes\/industria\/#breadcrumb\"},\"inLanguage\":\"pt-BR\",\"potentialAction\":[{\"@type\":\"ReadAction\",\"target\":[\"https:\/\/baptistaluz.com.br\/privacyhub\/legislacoes\/industria\/\"]}]},{\"@type\":\"BreadcrumbList\",\"@id\":\"https:\/\/baptistaluz.com.br\/privacyhub\/legislacoes\/industria\/#breadcrumb\",\"itemListElement\":[{\"@type\":\"ListItem\",\"position\":1,\"name\":\"In\u00edcio\",\"item\":\"https:\/\/baptistaluz.com.br\/privacyhub\/\"},{\"@type\":\"ListItem\",\"position\":2,\"name\":\"Mapeamento de Legisla\u00e7\u00f5es\",\"item\":\"https:\/\/baptistaluz.com.br\/privacyhub\/legislacoes\/\"},{\"@type\":\"ListItem\",\"position\":3,\"name\":\"Ind\u00fastria\"}]},{\"@type\":\"WebSite\",\"@id\":\"https:\/\/baptistaluz.com.br\/privacyhub\/#website\",\"url\":\"https:\/\/baptistaluz.com.br\/privacyhub\/\",\"name\":\"PrivacyHub\",\"description\":\"\",\"potentialAction\":[{\"@type\":\"SearchAction\",\"target\":{\"@type\":\"EntryPoint\",\"urlTemplate\":\"https:\/\/baptistaluz.com.br\/privacyhub\/?s={search_term_string}\"},\"query-input\":{\"@type\":\"PropertyValueSpecification\",\"valueRequired\":true,\"valueName\":\"search_term_string\"}}],\"inLanguage\":\"pt-BR\"}]}<\/script>\n<!-- \/ Yoast SEO plugin. -->","yoast_head_json":{"title":"Ind\u00fastria - PrivacyHub","robots":{"index":"index","follow":"follow","max-snippet":"max-snippet:-1","max-image-preview":"max-image-preview:large","max-video-preview":"max-video-preview:-1"},"canonical":"https:\/\/baptistaluz.com.br\/privacyhub\/legislacoes\/industria\/","og_locale":"pt_BR","og_type":"article","og_title":"Ind\u00fastria - PrivacyHub","og_description":"Mapeamento de legisla\u00e7\u00f5es \/ Ind\u00fastria Ind\u00fastria A ind\u00fastria transforma mat\u00e9ria-prima em bens que abastecem cadeias produtivas em todo o mundo, movimentando pesquisa, engenharia, log\u00edstica e com\u00e9rcio exterior. O segmento abriga polos automobil\u00edsticos, agroalimentares, qu\u00edmicos, metal\u00fargicos, energ\u00e9ticos e t\u00eaxteis, entre outros. Cada ramo possui especificidades t\u00e9cnicas e ambientais que moldam suas rotinas de certifica\u00e7\u00e3o e de [&hellip;]","og_url":"https:\/\/baptistaluz.com.br\/privacyhub\/legislacoes\/industria\/","og_site_name":"PrivacyHub","article_modified_time":"2025-07-11T13:45:13+00:00","twitter_card":"summary_large_image","twitter_misc":{"Est. tempo de leitura":"1 minuto"},"schema":{"@context":"https:\/\/schema.org","@graph":[{"@type":"WebPage","@id":"https:\/\/baptistaluz.com.br\/privacyhub\/legislacoes\/industria\/","url":"https:\/\/baptistaluz.com.br\/privacyhub\/legislacoes\/industria\/","name":"Ind\u00fastria - PrivacyHub","isPartOf":{"@id":"https:\/\/baptistaluz.com.br\/privacyhub\/#website"},"datePublished":"2025-06-07T18:37:14+00:00","dateModified":"2025-07-11T13:45:13+00:00","breadcrumb":{"@id":"https:\/\/baptistaluz.com.br\/privacyhub\/legislacoes\/industria\/#breadcrumb"},"inLanguage":"pt-BR","potentialAction":[{"@type":"ReadAction","target":["https:\/\/baptistaluz.com.br\/privacyhub\/legislacoes\/industria\/"]}]},{"@type":"BreadcrumbList","@id":"https:\/\/baptistaluz.com.br\/privacyhub\/legislacoes\/industria\/#breadcrumb","itemListElement":[{"@type":"ListItem","position":1,"name":"In\u00edcio","item":"https:\/\/baptistaluz.com.br\/privacyhub\/"},{"@type":"ListItem","position":2,"name":"Mapeamento de Legisla\u00e7\u00f5es","item":"https:\/\/baptistaluz.com.br\/privacyhub\/legislacoes\/"},{"@type":"ListItem","position":3,"name":"Ind\u00fastria"}]},{"@type":"WebSite","@id":"https:\/\/baptistaluz.com.br\/privacyhub\/#website","url":"https:\/\/baptistaluz.com.br\/privacyhub\/","name":"PrivacyHub","description":"","potentialAction":[{"@type":"SearchAction","target":{"@type":"EntryPoint","urlTemplate":"https:\/\/baptistaluz.com.br\/privacyhub\/?s={search_term_string}"},"query-input":{"@type":"PropertyValueSpecification","valueRequired":true,"valueName":"search_term_string"}}],"inLanguage":"pt-BR"}]}},"_links":{"self":[{"href":"https:\/\/baptistaluz.com.br\/privacyhub\/wp-json\/wp\/v2\/pages\/2963","targetHints":{"allow":["GET"]}}],"collection":[{"href":"https:\/\/baptistaluz.com.br\/privacyhub\/wp-json\/wp\/v2\/pages"}],"about":[{"href":"https:\/\/baptistaluz.com.br\/privacyhub\/wp-json\/wp\/v2\/types\/page"}],"author":[{"embeddable":true,"href":"https:\/\/baptistaluz.com.br\/privacyhub\/wp-json\/wp\/v2\/users\/9"}],"replies":[{"embeddable":true,"href":"https:\/\/baptistaluz.com.br\/privacyhub\/wp-json\/wp\/v2\/comments?post=2963"}],"version-history":[{"count":20,"href":"https:\/\/baptistaluz.com.br\/privacyhub\/wp-json\/wp\/v2\/pages\/2963\/revisions"}],"predecessor-version":[{"id":5526,"href":"https:\/\/baptistaluz.com.br\/privacyhub\/wp-json\/wp\/v2\/pages\/2963\/revisions\/5526"}],"up":[{"embeddable":true,"href":"https:\/\/baptistaluz.com.br\/privacyhub\/wp-json\/wp\/v2\/pages\/1561"}],"wp:attachment":[{"href":"https:\/\/baptistaluz.com.br\/privacyhub\/wp-json\/wp\/v2\/media?parent=2963"}],"curies":[{"name":"wp","href":"https:\/\/api.w.org\/{rel}","templated":true}]}}