{"id":5190,"date":"2025-07-10T11:36:10","date_gmt":"2025-07-10T14:36:10","guid":{"rendered":"https:\/\/baptistaluz.com.br\/privacyhub\/?page_id=5190"},"modified":"2025-07-11T10:48:50","modified_gmt":"2025-07-11T13:48:50","slug":"logistica","status":"publish","type":"page","link":"https:\/\/baptistaluz.com.br\/privacyhub\/legislacoes\/transporte\/logistica\/","title":{"rendered":"Log\u00edstica"},"content":{"rendered":"\t\t<div data-elementor-type=\"wp-page\" data-elementor-id=\"5190\" class=\"elementor elementor-5190\" data-elementor-settings=\"{&quot;ha_cmc_init_switcher&quot;:&quot;no&quot;}\" data-elementor-post-type=\"page\">\n\t\t\t\t<div class=\"elementor-element elementor-element-fb3fe7a e-flex e-con-boxed e-con e-parent\" data-id=\"fb3fe7a\" data-element_type=\"container\" data-e-type=\"container\" data-settings=\"{&quot;background_background&quot;:&quot;classic&quot;,&quot;_ha_eqh_enable&quot;:false}\">\n\t\t\t\t\t<div class=\"e-con-inner\">\n\t\t<div class=\"elementor-element elementor-element-813d94a e-con-full e-flex e-con e-child\" data-id=\"813d94a\" data-element_type=\"container\" data-e-type=\"container\" data-settings=\"{&quot;_ha_eqh_enable&quot;:false}\">\n\t\t\t\t<div class=\"elementor-element elementor-element-5785df0 elementor-widget elementor-widget-heading\" data-id=\"5785df0\" data-element_type=\"widget\" data-e-type=\"widget\" data-widget_type=\"heading.default\">\n\t\t\t\t<div class=\"elementor-widget-container\">\n\t\t\t\t\t<h2 class=\"elementor-heading-title elementor-size-default\"><a href=\"https:\/\/baptistaluz.com.br\/privacyhub\/legislacoes\/\">Mapeamento de legisla\u00e7\u00f5es \/<\/a><\/h2>\t\t\t\t<\/div>\n\t\t\t\t<\/div>\n\t\t\t\t<div class=\"elementor-element elementor-element-65624dc elementor-widget elementor-widget-heading\" data-id=\"65624dc\" data-element_type=\"widget\" data-e-type=\"widget\" data-widget_type=\"heading.default\">\n\t\t\t\t<div class=\"elementor-widget-container\">\n\t\t\t\t\t<h2 class=\"elementor-heading-title elementor-size-default\"><a href=\"https:\/\/baptistaluz.com.br\/privacyhub\/legislacoes\/transporte\/\">Transporte<\/a><\/h2>\t\t\t\t<\/div>\n\t\t\t\t<\/div>\n\t\t\t\t<div class=\"elementor-element elementor-element-91102f8 elementor-widget elementor-widget-heading\" data-id=\"91102f8\" data-element_type=\"widget\" data-e-type=\"widget\" data-widget_type=\"heading.default\">\n\t\t\t\t<div class=\"elementor-widget-container\">\n\t\t\t\t\t<h2 class=\"elementor-heading-title elementor-size-default\">\/ Log\u00edstica<\/h2>\t\t\t\t<\/div>\n\t\t\t\t<\/div>\n\t\t\t\t<\/div>\n\t\t\t\t<div class=\"elementor-element elementor-element-0d5b473 elementor-widget elementor-widget-heading\" data-id=\"0d5b473\" data-element_type=\"widget\" data-e-type=\"widget\" data-widget_type=\"heading.default\">\n\t\t\t\t<div class=\"elementor-widget-container\">\n\t\t\t\t\t<h2 class=\"elementor-heading-title elementor-size-default\">Log\u00edstica<\/h2>\t\t\t\t<\/div>\n\t\t\t\t<\/div>\n\t\t\t\t<div class=\"elementor-element elementor-element-4d7ca05 elementor-widget elementor-widget-text-editor\" data-id=\"4d7ca05\" data-element_type=\"widget\" data-e-type=\"widget\" data-widget_type=\"text-editor.default\">\n\t\t\t\t<div class=\"elementor-widget-container\">\n\t\t\t\t\t\t\t\t\t<p>Agrega operadores de armazenagem, centros de distribui\u00e7\u00e3o, servi\u00e7os de courier e gest\u00e3o de frotas. Foca na otimiza\u00e7\u00e3o de rotas e prazos para garantir efici\u00eancia a outros setores.<\/p>\t\t\t\t\t\t\t\t<\/div>\n\t\t\t\t<\/div>\n\t\t\t\t<div class=\"elementor-element elementor-element-b9d1869 elementor-widget elementor-widget-text-editor\" data-id=\"b9d1869\" data-element_type=\"widget\" data-e-type=\"widget\" data-widget_type=\"text-editor.default\">\n\t\t\t\t<div class=\"elementor-widget-container\">\n\t\t\t\t\t\t\t\t\t<h3>Lei Federal<\/h3>\t\t\t\t\t\t\t\t<\/div>\n\t\t\t\t<\/div>\n\t\t\t\t<div class=\"elementor-element elementor-element-34345fa elementor-widget elementor-widget-text-editor\" data-id=\"34345fa\" data-element_type=\"widget\" data-e-type=\"widget\" data-widget_type=\"text-editor.default\">\n\t\t\t\t<div class=\"elementor-widget-container\">\n\t\t\t\t\t\t\t\t\t<h5><strong>Lei n\u00ba 10.406, de 10 de janeiro de 2002 (C\u00f3digo Civil)<\/strong><\/h5>\t\t\t\t\t\t\t\t<\/div>\n\t\t\t\t<\/div>\n\t\t\t\t<div class=\"elementor-element elementor-element-145b4f7 elementor-widget elementor-widget-n-accordion\" data-id=\"145b4f7\" data-element_type=\"widget\" data-e-type=\"widget\" data-settings=\"{&quot;default_state&quot;:&quot;all_collapsed&quot;,&quot;max_items_expended&quot;:&quot;one&quot;,&quot;n_accordion_animation_duration&quot;:{&quot;unit&quot;:&quot;ms&quot;,&quot;size&quot;:400,&quot;sizes&quot;:[]}}\" data-widget_type=\"nested-accordion.default\">\n\t\t\t\t<div class=\"elementor-widget-container\">\n\t\t\t\t\t\t\t<div class=\"e-n-accordion\" aria-label=\"Accordion. Open links with Enter or Space, close with Escape, and navigate with Arrow Keys\">\n\t\t\t\t\t\t<details id=\"e-n-accordion-item-2130\" class=\"e-n-accordion-item\" >\n\t\t\t\t<summary class=\"e-n-accordion-item-title\" data-accordion-index=\"1\" tabindex=\"0\" aria-expanded=\"false\" aria-controls=\"e-n-accordion-item-2130\" >\n\t\t\t\t\t<span class='e-n-accordion-item-title-header'><div class=\"e-n-accordion-item-title-text\"> <p style=\"font-size: 16px\">Dados b\u00e1sicos para transporte de coisas<\/p> <\/div><\/span>\n\t\t\t\t\t\t\t<span class='e-n-accordion-item-title-icon'>\n\t\t\t<span class='e-opened' ><i aria-hidden=\"true\" class=\"huge huge-arrow-up-01-round\"><\/i><\/span>\n\t\t\t<span class='e-closed'><i aria-hidden=\"true\" class=\"huge huge-arrow-down-01-round\"><\/i><\/span>\n\t\t<\/span>\n\n\t\t\t\t\t\t<\/summary>\n\t\t\t\t<div role=\"region\" aria-labelledby=\"e-n-accordion-item-2130\" class=\"elementor-element elementor-element-4222c31 e-con-full e-flex e-con e-child\" data-id=\"4222c31\" data-element_type=\"container\" data-e-type=\"container\" data-settings=\"{&quot;background_background&quot;:&quot;classic&quot;,&quot;_ha_eqh_enable&quot;:false}\">\n\t\t<div role=\"region\" aria-labelledby=\"e-n-accordion-item-2130\" class=\"elementor-element elementor-element-01a49ed e-flex e-con-boxed e-con e-child\" data-id=\"01a49ed\" data-element_type=\"container\" data-e-type=\"container\" data-settings=\"{&quot;_ha_eqh_enable&quot;:false}\">\n\t\t\t\t\t<div class=\"e-con-inner\">\n\t\t\t\t<div class=\"elementor-element elementor-element-d93fe15 elementor-widget elementor-widget-text-editor\" data-id=\"d93fe15\" data-element_type=\"widget\" data-e-type=\"widget\" data-widget_type=\"text-editor.default\">\n\t\t\t\t<div class=\"elementor-widget-container\">\n\t\t\t\t\t\t\t\t\t<p><strong>Arts. 743 a 745<\/strong><\/p><p>Disp\u00f5e sobre a necessidade de fornecimento de nome e endere\u00e7o do remetente e destinat\u00e1rio a que se referem determinado objeto a ser transportado.<\/p>\t\t\t\t\t\t\t\t<\/div>\n\t\t\t\t<\/div>\n\t\t\t\t\t<\/div>\n\t\t\t\t<\/div>\n\t\t\t\t<\/div>\n\t\t\t\t\t<\/details>\n\t\t\t\t\t<\/div>\n\t\t\t\t\t\t<\/div>\n\t\t\t\t<\/div>\n\t\t\t\t<div class=\"elementor-element elementor-element-a909be4 elementor-widget elementor-widget-button\" data-id=\"a909be4\" data-element_type=\"widget\" data-e-type=\"widget\" data-widget_type=\"button.default\">\n\t\t\t\t<div class=\"elementor-widget-container\">\n\t\t\t\t\t\t\t\t\t<div class=\"elementor-button-wrapper\">\n\t\t\t\t\t<a class=\"elementor-button elementor-button-link elementor-size-sm\" href=\"https:\/\/www.planalto.gov.br\/ccivil_03\/leis\/2002\/l10406compilada.htm\">\n\t\t\t\t\t\t<span class=\"elementor-button-content-wrapper\">\n\t\t\t\t\t\t\t\t\t<span class=\"elementor-button-text\">Acesse a Lei completa<\/span>\n\t\t\t\t\t<\/span>\n\t\t\t\t\t<\/a>\n\t\t\t\t<\/div>\n\t\t\t\t\t\t\t\t<\/div>\n\t\t\t\t<\/div>\n\t\t\t\t\t<\/div>\n\t\t\t\t<\/div>\n\t\t\t\t<\/div>\n\t\t","protected":false},"excerpt":{"rendered":"<p>Mapeamento de legisla\u00e7\u00f5es \/ Transporte \/ Log\u00edstica Log\u00edstica Agrega operadores de armazenagem, centros de distribui\u00e7\u00e3o, servi\u00e7os de courier e gest\u00e3o de frotas. Foca na otimiza\u00e7\u00e3o de rotas e prazos para garantir efici\u00eancia a outros setores. Lei Federal Lei n\u00ba 10.406, de 10 de janeiro de 2002 (C\u00f3digo Civil) Dados b\u00e1sicos para transporte de coisas Arts. [&hellip;]<\/p>\n","protected":false},"author":9,"featured_media":0,"parent":2983,"menu_order":0,"comment_status":"closed","ping_status":"closed","template":"elementor_header_footer","meta":{"footnotes":""},"class_list":["post-5190","page","type-page","status-publish","hentry"],"yoast_head":"<!-- This site is optimized with the Yoast SEO plugin v27.2 - https:\/\/yoast.com\/product\/yoast-seo-wordpress\/ -->\n<title>Log\u00edstica - PrivacyHub<\/title>\n<meta name=\"robots\" content=\"index, follow, max-snippet:-1, max-image-preview:large, max-video-preview:-1\" \/>\n<link rel=\"canonical\" href=\"https:\/\/baptistaluz.com.br\/privacyhub\/legislacoes\/transporte\/logistica\/\" \/>\n<meta property=\"og:locale\" content=\"pt_BR\" \/>\n<meta property=\"og:type\" content=\"article\" \/>\n<meta property=\"og:title\" content=\"Log\u00edstica - PrivacyHub\" \/>\n<meta property=\"og:description\" content=\"Mapeamento de legisla\u00e7\u00f5es \/ Transporte \/ Log\u00edstica Log\u00edstica Agrega operadores de armazenagem, centros de distribui\u00e7\u00e3o, servi\u00e7os de courier e gest\u00e3o de frotas. Foca na otimiza\u00e7\u00e3o de rotas e prazos para garantir efici\u00eancia a outros setores. Lei Federal Lei n\u00ba 10.406, de 10 de janeiro de 2002 (C\u00f3digo Civil) Dados b\u00e1sicos para transporte de coisas Arts. [&hellip;]\" \/>\n<meta property=\"og:url\" content=\"https:\/\/baptistaluz.com.br\/privacyhub\/legislacoes\/transporte\/logistica\/\" \/>\n<meta property=\"og:site_name\" content=\"PrivacyHub\" \/>\n<meta property=\"article:modified_time\" content=\"2025-07-11T13:48:50+00:00\" \/>\n<meta name=\"twitter:card\" content=\"summary_large_image\" \/>\n<meta name=\"twitter:label1\" content=\"Est. tempo de leitura\" \/>\n\t<meta name=\"twitter:data1\" content=\"1 minuto\" \/>\n<script type=\"application\/ld+json\" class=\"yoast-schema-graph\">{\"@context\":\"https:\/\/schema.org\",\"@graph\":[{\"@type\":\"WebPage\",\"@id\":\"https:\/\/baptistaluz.com.br\/privacyhub\/legislacoes\/transporte\/logistica\/\",\"url\":\"https:\/\/baptistaluz.com.br\/privacyhub\/legislacoes\/transporte\/logistica\/\",\"name\":\"Log\u00edstica - PrivacyHub\",\"isPartOf\":{\"@id\":\"https:\/\/baptistaluz.com.br\/privacyhub\/#website\"},\"datePublished\":\"2025-07-10T14:36:10+00:00\",\"dateModified\":\"2025-07-11T13:48:50+00:00\",\"breadcrumb\":{\"@id\":\"https:\/\/baptistaluz.com.br\/privacyhub\/legislacoes\/transporte\/logistica\/#breadcrumb\"},\"inLanguage\":\"pt-BR\",\"potentialAction\":[{\"@type\":\"ReadAction\",\"target\":[\"https:\/\/baptistaluz.com.br\/privacyhub\/legislacoes\/transporte\/logistica\/\"]}]},{\"@type\":\"BreadcrumbList\",\"@id\":\"https:\/\/baptistaluz.com.br\/privacyhub\/legislacoes\/transporte\/logistica\/#breadcrumb\",\"itemListElement\":[{\"@type\":\"ListItem\",\"position\":1,\"name\":\"In\u00edcio\",\"item\":\"https:\/\/baptistaluz.com.br\/privacyhub\/\"},{\"@type\":\"ListItem\",\"position\":2,\"name\":\"Mapeamento de Legisla\u00e7\u00f5es\",\"item\":\"https:\/\/baptistaluz.com.br\/privacyhub\/legislacoes\/\"},{\"@type\":\"ListItem\",\"position\":3,\"name\":\"Transporte\",\"item\":\"https:\/\/baptistaluz.com.br\/privacyhub\/legislacoes\/transporte\/\"},{\"@type\":\"ListItem\",\"position\":4,\"name\":\"Log\u00edstica\"}]},{\"@type\":\"WebSite\",\"@id\":\"https:\/\/baptistaluz.com.br\/privacyhub\/#website\",\"url\":\"https:\/\/baptistaluz.com.br\/privacyhub\/\",\"name\":\"PrivacyHub\",\"description\":\"\",\"potentialAction\":[{\"@type\":\"SearchAction\",\"target\":{\"@type\":\"EntryPoint\",\"urlTemplate\":\"https:\/\/baptistaluz.com.br\/privacyhub\/?s={search_term_string}\"},\"query-input\":{\"@type\":\"PropertyValueSpecification\",\"valueRequired\":true,\"valueName\":\"search_term_string\"}}],\"inLanguage\":\"pt-BR\"}]}<\/script>\n<!-- \/ Yoast SEO plugin. -->","yoast_head_json":{"title":"Log\u00edstica - PrivacyHub","robots":{"index":"index","follow":"follow","max-snippet":"max-snippet:-1","max-image-preview":"max-image-preview:large","max-video-preview":"max-video-preview:-1"},"canonical":"https:\/\/baptistaluz.com.br\/privacyhub\/legislacoes\/transporte\/logistica\/","og_locale":"pt_BR","og_type":"article","og_title":"Log\u00edstica - PrivacyHub","og_description":"Mapeamento de legisla\u00e7\u00f5es \/ Transporte \/ Log\u00edstica Log\u00edstica Agrega operadores de armazenagem, centros de distribui\u00e7\u00e3o, servi\u00e7os de courier e gest\u00e3o de frotas. Foca na otimiza\u00e7\u00e3o de rotas e prazos para garantir efici\u00eancia a outros setores. Lei Federal Lei n\u00ba 10.406, de 10 de janeiro de 2002 (C\u00f3digo Civil) Dados b\u00e1sicos para transporte de coisas Arts. [&hellip;]","og_url":"https:\/\/baptistaluz.com.br\/privacyhub\/legislacoes\/transporte\/logistica\/","og_site_name":"PrivacyHub","article_modified_time":"2025-07-11T13:48:50+00:00","twitter_card":"summary_large_image","twitter_misc":{"Est. tempo de leitura":"1 minuto"},"schema":{"@context":"https:\/\/schema.org","@graph":[{"@type":"WebPage","@id":"https:\/\/baptistaluz.com.br\/privacyhub\/legislacoes\/transporte\/logistica\/","url":"https:\/\/baptistaluz.com.br\/privacyhub\/legislacoes\/transporte\/logistica\/","name":"Log\u00edstica - PrivacyHub","isPartOf":{"@id":"https:\/\/baptistaluz.com.br\/privacyhub\/#website"},"datePublished":"2025-07-10T14:36:10+00:00","dateModified":"2025-07-11T13:48:50+00:00","breadcrumb":{"@id":"https:\/\/baptistaluz.com.br\/privacyhub\/legislacoes\/transporte\/logistica\/#breadcrumb"},"inLanguage":"pt-BR","potentialAction":[{"@type":"ReadAction","target":["https:\/\/baptistaluz.com.br\/privacyhub\/legislacoes\/transporte\/logistica\/"]}]},{"@type":"BreadcrumbList","@id":"https:\/\/baptistaluz.com.br\/privacyhub\/legislacoes\/transporte\/logistica\/#breadcrumb","itemListElement":[{"@type":"ListItem","position":1,"name":"In\u00edcio","item":"https:\/\/baptistaluz.com.br\/privacyhub\/"},{"@type":"ListItem","position":2,"name":"Mapeamento de Legisla\u00e7\u00f5es","item":"https:\/\/baptistaluz.com.br\/privacyhub\/legislacoes\/"},{"@type":"ListItem","position":3,"name":"Transporte","item":"https:\/\/baptistaluz.com.br\/privacyhub\/legislacoes\/transporte\/"},{"@type":"ListItem","position":4,"name":"Log\u00edstica"}]},{"@type":"WebSite","@id":"https:\/\/baptistaluz.com.br\/privacyhub\/#website","url":"https:\/\/baptistaluz.com.br\/privacyhub\/","name":"PrivacyHub","description":"","potentialAction":[{"@type":"SearchAction","target":{"@type":"EntryPoint","urlTemplate":"https:\/\/baptistaluz.com.br\/privacyhub\/?s={search_term_string}"},"query-input":{"@type":"PropertyValueSpecification","valueRequired":true,"valueName":"search_term_string"}}],"inLanguage":"pt-BR"}]}},"_links":{"self":[{"href":"https:\/\/baptistaluz.com.br\/privacyhub\/wp-json\/wp\/v2\/pages\/5190","targetHints":{"allow":["GET"]}}],"collection":[{"href":"https:\/\/baptistaluz.com.br\/privacyhub\/wp-json\/wp\/v2\/pages"}],"about":[{"href":"https:\/\/baptistaluz.com.br\/privacyhub\/wp-json\/wp\/v2\/types\/page"}],"author":[{"embeddable":true,"href":"https:\/\/baptistaluz.com.br\/privacyhub\/wp-json\/wp\/v2\/users\/9"}],"replies":[{"embeddable":true,"href":"https:\/\/baptistaluz.com.br\/privacyhub\/wp-json\/wp\/v2\/comments?post=5190"}],"version-history":[{"count":11,"href":"https:\/\/baptistaluz.com.br\/privacyhub\/wp-json\/wp\/v2\/pages\/5190\/revisions"}],"predecessor-version":[{"id":5542,"href":"https:\/\/baptistaluz.com.br\/privacyhub\/wp-json\/wp\/v2\/pages\/5190\/revisions\/5542"}],"up":[{"embeddable":true,"href":"https:\/\/baptistaluz.com.br\/privacyhub\/wp-json\/wp\/v2\/pages\/2983"}],"wp:attachment":[{"href":"https:\/\/baptistaluz.com.br\/privacyhub\/wp-json\/wp\/v2\/media?parent=5190"}],"curies":[{"name":"wp","href":"https:\/\/api.w.org\/{rel}","templated":true}]}}