{"id":5258,"date":"2025-07-10T13:02:37","date_gmt":"2025-07-10T16:02:37","guid":{"rendered":"https:\/\/baptistaluz.com.br\/privacyhub\/?page_id=5258"},"modified":"2025-07-10T13:04:15","modified_gmt":"2025-07-10T16:04:15","slug":"metalurgica","status":"publish","type":"page","link":"https:\/\/baptistaluz.com.br\/privacyhub\/legislacoes\/industria\/metalurgica\/","title":{"rendered":"Metal\u00fargica"},"content":{"rendered":"\t\t<div data-elementor-type=\"wp-page\" data-elementor-id=\"5258\" class=\"elementor elementor-5258\" data-elementor-settings=\"{&quot;ha_cmc_init_switcher&quot;:&quot;no&quot;}\" data-elementor-post-type=\"page\">\n\t\t\t\t<div class=\"elementor-element elementor-element-fb3fe7a e-flex e-con-boxed e-con e-parent\" data-id=\"fb3fe7a\" data-element_type=\"container\" data-e-type=\"container\" data-settings=\"{&quot;background_background&quot;:&quot;classic&quot;,&quot;_ha_eqh_enable&quot;:false}\">\n\t\t\t\t\t<div class=\"e-con-inner\">\n\t\t<div class=\"elementor-element elementor-element-813d94a e-con-full e-flex e-con e-child\" data-id=\"813d94a\" data-element_type=\"container\" data-e-type=\"container\" data-settings=\"{&quot;_ha_eqh_enable&quot;:false}\">\n\t\t\t\t<div class=\"elementor-element elementor-element-5785df0 elementor-widget elementor-widget-heading\" data-id=\"5785df0\" data-element_type=\"widget\" data-e-type=\"widget\" data-widget_type=\"heading.default\">\n\t\t\t\t<div class=\"elementor-widget-container\">\n\t\t\t\t\t<h2 class=\"elementor-heading-title elementor-size-default\"><a href=\"https:\/\/baptistaluz.com.br\/privacyhub\/legislacoes\/\">Mapeamento de legisla\u00e7\u00f5es \/<\/a><\/h2>\t\t\t\t<\/div>\n\t\t\t\t<\/div>\n\t\t\t\t<div class=\"elementor-element elementor-element-65624dc elementor-widget elementor-widget-heading\" data-id=\"65624dc\" data-element_type=\"widget\" data-e-type=\"widget\" data-widget_type=\"heading.default\">\n\t\t\t\t<div class=\"elementor-widget-container\">\n\t\t\t\t\t<h2 class=\"elementor-heading-title elementor-size-default\"><a href=\"https:\/\/baptistaluz.com.br\/privacyhub\/legislacoes\/industria\/\">Ind\u00fastria<\/a><\/h2>\t\t\t\t<\/div>\n\t\t\t\t<\/div>\n\t\t\t\t<div class=\"elementor-element elementor-element-91102f8 elementor-widget elementor-widget-heading\" data-id=\"91102f8\" data-element_type=\"widget\" data-e-type=\"widget\" data-widget_type=\"heading.default\">\n\t\t\t\t<div class=\"elementor-widget-container\">\n\t\t\t\t\t<h2 class=\"elementor-heading-title elementor-size-default\">\/ Metal\u00fargica<\/h2>\t\t\t\t<\/div>\n\t\t\t\t<\/div>\n\t\t\t\t<\/div>\n\t\t\t\t<div class=\"elementor-element elementor-element-0d5b473 elementor-widget elementor-widget-heading\" data-id=\"0d5b473\" data-element_type=\"widget\" data-e-type=\"widget\" data-widget_type=\"heading.default\">\n\t\t\t\t<div class=\"elementor-widget-container\">\n\t\t\t\t\t<h2 class=\"elementor-heading-title elementor-size-default\">Metal\u00fargica<\/h2>\t\t\t\t<\/div>\n\t\t\t\t<\/div>\n\t\t\t\t<div class=\"elementor-element elementor-element-4d7ca05 elementor-widget elementor-widget-text-editor\" data-id=\"4d7ca05\" data-element_type=\"widget\" data-e-type=\"widget\" data-widget_type=\"text-editor.default\">\n\t\t\t\t<div class=\"elementor-widget-container\">\n\t\t\t\t\t\t\t\t\t<p>Dedica-se \u00e0 produ\u00e7\u00e3o e beneficiamento de metais ferrosos e n\u00e3o ferrosos, fornecendo chapas, perfis e pe\u00e7as que estruturam outras atividades industriais.<\/p>\t\t\t\t\t\t\t\t<\/div>\n\t\t\t\t<\/div>\n\t\t\t\t<div class=\"elementor-element elementor-element-b9d1869 elementor-widget elementor-widget-text-editor\" data-id=\"b9d1869\" data-element_type=\"widget\" data-e-type=\"widget\" data-widget_type=\"text-editor.default\">\n\t\t\t\t<div class=\"elementor-widget-container\">\n\t\t\t\t\t\t\t\t\t<h3>Lei Federal<\/h3>\t\t\t\t\t\t\t\t<\/div>\n\t\t\t\t<\/div>\n\t\t\t\t<div class=\"elementor-element elementor-element-34345fa elementor-widget elementor-widget-text-editor\" data-id=\"34345fa\" data-element_type=\"widget\" data-e-type=\"widget\" data-widget_type=\"text-editor.default\">\n\t\t\t\t<div class=\"elementor-widget-container\">\n\t\t\t\t\t\t\t\t\t<h5><strong>Lei n\u00ba 12.305, de 2 de agosto de 2010<\/strong><\/h5>\t\t\t\t\t\t\t\t<\/div>\n\t\t\t\t<\/div>\n\t\t\t\t<div class=\"elementor-element elementor-element-145b4f7 elementor-widget elementor-widget-n-accordion\" data-id=\"145b4f7\" data-element_type=\"widget\" data-e-type=\"widget\" data-settings=\"{&quot;default_state&quot;:&quot;all_collapsed&quot;,&quot;max_items_expended&quot;:&quot;one&quot;,&quot;n_accordion_animation_duration&quot;:{&quot;unit&quot;:&quot;ms&quot;,&quot;size&quot;:400,&quot;sizes&quot;:[]}}\" data-widget_type=\"nested-accordion.default\">\n\t\t\t\t<div class=\"elementor-widget-container\">\n\t\t\t\t\t\t\t<div class=\"e-n-accordion\" aria-label=\"Accordion. Open links with Enter or Space, close with Escape, and navigate with Arrow Keys\">\n\t\t\t\t\t\t<details id=\"e-n-accordion-item-2130\" class=\"e-n-accordion-item\" >\n\t\t\t\t<summary class=\"e-n-accordion-item-title\" data-accordion-index=\"1\" tabindex=\"0\" aria-expanded=\"false\" aria-controls=\"e-n-accordion-item-2130\" >\n\t\t\t\t\t<span class='e-n-accordion-item-title-header'><div class=\"e-n-accordion-item-title-text\"> <p style=\"font-size: 16px\">Registro das ind\u00fastrias que operam com res\u00edduos perigosos<\/p> <\/div><\/span>\n\t\t\t\t\t\t\t<span class='e-n-accordion-item-title-icon'>\n\t\t\t<span class='e-opened' ><i aria-hidden=\"true\" class=\"huge huge-arrow-up-01-round\"><\/i><\/span>\n\t\t\t<span class='e-closed'><i aria-hidden=\"true\" class=\"huge huge-arrow-down-01-round\"><\/i><\/span>\n\t\t<\/span>\n\n\t\t\t\t\t\t<\/summary>\n\t\t\t\t<div role=\"region\" aria-labelledby=\"e-n-accordion-item-2130\" class=\"elementor-element elementor-element-4222c31 e-con-full e-flex e-con e-child\" data-id=\"4222c31\" data-element_type=\"container\" data-e-type=\"container\" data-settings=\"{&quot;background_background&quot;:&quot;classic&quot;,&quot;_ha_eqh_enable&quot;:false}\">\n\t\t<div role=\"region\" aria-labelledby=\"e-n-accordion-item-2130\" class=\"elementor-element elementor-element-01a49ed e-flex e-con-boxed e-con e-child\" data-id=\"01a49ed\" data-element_type=\"container\" data-e-type=\"container\" data-settings=\"{&quot;_ha_eqh_enable&quot;:false}\">\n\t\t\t\t\t<div class=\"e-con-inner\">\n\t\t\t\t<div class=\"elementor-element elementor-element-d93fe15 elementor-widget elementor-widget-text-editor\" data-id=\"d93fe15\" data-element_type=\"widget\" data-e-type=\"widget\" data-widget_type=\"text-editor.default\">\n\t\t\t\t<div class=\"elementor-widget-container\">\n\t\t\t\t\t\t\t\t\t<p><strong>Art. 38, \u00a7 2\u00b0<\/strong><\/p><p>A atividade da ind\u00fastria metal\u00fargica pode gerar diversos res\u00edduos, perigosos ou n\u00e3o. Caso a ind\u00fastria opere com res\u00edduos perigosos, em qualquer fase do seu gerenciamento, \u00e9 preciSo que ela esteja cadastrada no Cadastro Nacional de Operadores de Res\u00edduos Perigosos.<br \/>Para a realiza\u00e7\u00e3o desse cadastro, a ind\u00fastria precisa contar com um respons\u00e1vel t\u00e9cnico pelo gerenciamento dos res\u00edduos perigosos, de seu pr\u00f3prio quadro de funcion\u00e1rios ou contratado, devidamente habilitado. Os dados desse t\u00e9cnico ser\u00e3o mantidos no Cadastro Nacional de Operadores de Res\u00edduos Perigosos e dever\u00e3o ser mantidos atualizados<\/p>\t\t\t\t\t\t\t\t<\/div>\n\t\t\t\t<\/div>\n\t\t\t\t\t<\/div>\n\t\t\t\t<\/div>\n\t\t\t\t<\/div>\n\t\t\t\t\t<\/details>\n\t\t\t\t\t<\/div>\n\t\t\t\t\t\t<\/div>\n\t\t\t\t<\/div>\n\t\t\t\t<div class=\"elementor-element elementor-element-c1f661f elementor-widget elementor-widget-button\" data-id=\"c1f661f\" data-element_type=\"widget\" data-e-type=\"widget\" data-widget_type=\"button.default\">\n\t\t\t\t<div class=\"elementor-widget-container\">\n\t\t\t\t\t\t\t\t\t<div class=\"elementor-button-wrapper\">\n\t\t\t\t\t<a class=\"elementor-button elementor-button-link elementor-size-sm\" href=\"https:\/\/www.planalto.gov.br\/ccivil_03\/_ato2007-2010\/2010\/lei\/l12305.htm\">\n\t\t\t\t\t\t<span class=\"elementor-button-content-wrapper\">\n\t\t\t\t\t\t\t\t\t<span class=\"elementor-button-text\">Acesse a Lei completa<\/span>\n\t\t\t\t\t<\/span>\n\t\t\t\t\t<\/a>\n\t\t\t\t<\/div>\n\t\t\t\t\t\t\t\t<\/div>\n\t\t\t\t<\/div>\n\t\t\t\t\t<\/div>\n\t\t\t\t<\/div>\n\t\t\t\t<\/div>\n\t\t","protected":false},"excerpt":{"rendered":"<p>Mapeamento de legisla\u00e7\u00f5es \/ Ind\u00fastria \/ Metal\u00fargica Metal\u00fargica Dedica-se \u00e0 produ\u00e7\u00e3o e beneficiamento de metais ferrosos e n\u00e3o ferrosos, fornecendo chapas, perfis e pe\u00e7as que estruturam outras atividades industriais. Lei Federal Lei n\u00ba 12.305, de 2 de agosto de 2010 Registro das ind\u00fastrias que operam com res\u00edduos perigosos Art. 38, \u00a7 2\u00b0 A atividade da [&hellip;]<\/p>\n","protected":false},"author":9,"featured_media":0,"parent":2963,"menu_order":0,"comment_status":"closed","ping_status":"closed","template":"elementor_header_footer","meta":{"footnotes":""},"class_list":["post-5258","page","type-page","status-publish","hentry"],"yoast_head":"<!-- This site is optimized with the Yoast SEO plugin v27.2 - https:\/\/yoast.com\/product\/yoast-seo-wordpress\/ -->\n<title>Metal\u00fargica - PrivacyHub<\/title>\n<meta name=\"robots\" content=\"index, follow, max-snippet:-1, max-image-preview:large, max-video-preview:-1\" \/>\n<link rel=\"canonical\" href=\"https:\/\/baptistaluz.com.br\/privacyhub\/legislacoes\/industria\/metalurgica\/\" \/>\n<meta property=\"og:locale\" content=\"pt_BR\" \/>\n<meta property=\"og:type\" content=\"article\" \/>\n<meta property=\"og:title\" content=\"Metal\u00fargica - PrivacyHub\" \/>\n<meta property=\"og:description\" content=\"Mapeamento de legisla\u00e7\u00f5es \/ Ind\u00fastria \/ Metal\u00fargica Metal\u00fargica Dedica-se \u00e0 produ\u00e7\u00e3o e beneficiamento de metais ferrosos e n\u00e3o ferrosos, fornecendo chapas, perfis e pe\u00e7as que estruturam outras atividades industriais. Lei Federal Lei n\u00ba 12.305, de 2 de agosto de 2010 Registro das ind\u00fastrias que operam com res\u00edduos perigosos Art. 38, \u00a7 2\u00b0 A atividade da [&hellip;]\" \/>\n<meta property=\"og:url\" content=\"https:\/\/baptistaluz.com.br\/privacyhub\/legislacoes\/industria\/metalurgica\/\" \/>\n<meta property=\"og:site_name\" content=\"PrivacyHub\" \/>\n<meta property=\"article:modified_time\" content=\"2025-07-10T16:04:15+00:00\" \/>\n<meta name=\"twitter:card\" content=\"summary_large_image\" \/>\n<meta name=\"twitter:label1\" content=\"Est. tempo de leitura\" \/>\n\t<meta name=\"twitter:data1\" content=\"2 minutos\" \/>\n<script type=\"application\/ld+json\" class=\"yoast-schema-graph\">{\"@context\":\"https:\/\/schema.org\",\"@graph\":[{\"@type\":\"WebPage\",\"@id\":\"https:\/\/baptistaluz.com.br\/privacyhub\/legislacoes\/industria\/metalurgica\/\",\"url\":\"https:\/\/baptistaluz.com.br\/privacyhub\/legislacoes\/industria\/metalurgica\/\",\"name\":\"Metal\u00fargica - PrivacyHub\",\"isPartOf\":{\"@id\":\"https:\/\/baptistaluz.com.br\/privacyhub\/#website\"},\"datePublished\":\"2025-07-10T16:02:37+00:00\",\"dateModified\":\"2025-07-10T16:04:15+00:00\",\"breadcrumb\":{\"@id\":\"https:\/\/baptistaluz.com.br\/privacyhub\/legislacoes\/industria\/metalurgica\/#breadcrumb\"},\"inLanguage\":\"pt-BR\",\"potentialAction\":[{\"@type\":\"ReadAction\",\"target\":[\"https:\/\/baptistaluz.com.br\/privacyhub\/legislacoes\/industria\/metalurgica\/\"]}]},{\"@type\":\"BreadcrumbList\",\"@id\":\"https:\/\/baptistaluz.com.br\/privacyhub\/legislacoes\/industria\/metalurgica\/#breadcrumb\",\"itemListElement\":[{\"@type\":\"ListItem\",\"position\":1,\"name\":\"In\u00edcio\",\"item\":\"https:\/\/baptistaluz.com.br\/privacyhub\/\"},{\"@type\":\"ListItem\",\"position\":2,\"name\":\"Mapeamento de Legisla\u00e7\u00f5es\",\"item\":\"https:\/\/baptistaluz.com.br\/privacyhub\/legislacoes\/\"},{\"@type\":\"ListItem\",\"position\":3,\"name\":\"Ind\u00fastria\",\"item\":\"https:\/\/baptistaluz.com.br\/privacyhub\/legislacoes\/industria\/\"},{\"@type\":\"ListItem\",\"position\":4,\"name\":\"Metal\u00fargica\"}]},{\"@type\":\"WebSite\",\"@id\":\"https:\/\/baptistaluz.com.br\/privacyhub\/#website\",\"url\":\"https:\/\/baptistaluz.com.br\/privacyhub\/\",\"name\":\"PrivacyHub\",\"description\":\"\",\"potentialAction\":[{\"@type\":\"SearchAction\",\"target\":{\"@type\":\"EntryPoint\",\"urlTemplate\":\"https:\/\/baptistaluz.com.br\/privacyhub\/?s={search_term_string}\"},\"query-input\":{\"@type\":\"PropertyValueSpecification\",\"valueRequired\":true,\"valueName\":\"search_term_string\"}}],\"inLanguage\":\"pt-BR\"}]}<\/script>\n<!-- \/ Yoast SEO plugin. -->","yoast_head_json":{"title":"Metal\u00fargica - PrivacyHub","robots":{"index":"index","follow":"follow","max-snippet":"max-snippet:-1","max-image-preview":"max-image-preview:large","max-video-preview":"max-video-preview:-1"},"canonical":"https:\/\/baptistaluz.com.br\/privacyhub\/legislacoes\/industria\/metalurgica\/","og_locale":"pt_BR","og_type":"article","og_title":"Metal\u00fargica - PrivacyHub","og_description":"Mapeamento de legisla\u00e7\u00f5es \/ Ind\u00fastria \/ Metal\u00fargica Metal\u00fargica Dedica-se \u00e0 produ\u00e7\u00e3o e beneficiamento de metais ferrosos e n\u00e3o ferrosos, fornecendo chapas, perfis e pe\u00e7as que estruturam outras atividades industriais. Lei Federal Lei n\u00ba 12.305, de 2 de agosto de 2010 Registro das ind\u00fastrias que operam com res\u00edduos perigosos Art. 38, \u00a7 2\u00b0 A atividade da [&hellip;]","og_url":"https:\/\/baptistaluz.com.br\/privacyhub\/legislacoes\/industria\/metalurgica\/","og_site_name":"PrivacyHub","article_modified_time":"2025-07-10T16:04:15+00:00","twitter_card":"summary_large_image","twitter_misc":{"Est. tempo de leitura":"2 minutos"},"schema":{"@context":"https:\/\/schema.org","@graph":[{"@type":"WebPage","@id":"https:\/\/baptistaluz.com.br\/privacyhub\/legislacoes\/industria\/metalurgica\/","url":"https:\/\/baptistaluz.com.br\/privacyhub\/legislacoes\/industria\/metalurgica\/","name":"Metal\u00fargica - PrivacyHub","isPartOf":{"@id":"https:\/\/baptistaluz.com.br\/privacyhub\/#website"},"datePublished":"2025-07-10T16:02:37+00:00","dateModified":"2025-07-10T16:04:15+00:00","breadcrumb":{"@id":"https:\/\/baptistaluz.com.br\/privacyhub\/legislacoes\/industria\/metalurgica\/#breadcrumb"},"inLanguage":"pt-BR","potentialAction":[{"@type":"ReadAction","target":["https:\/\/baptistaluz.com.br\/privacyhub\/legislacoes\/industria\/metalurgica\/"]}]},{"@type":"BreadcrumbList","@id":"https:\/\/baptistaluz.com.br\/privacyhub\/legislacoes\/industria\/metalurgica\/#breadcrumb","itemListElement":[{"@type":"ListItem","position":1,"name":"In\u00edcio","item":"https:\/\/baptistaluz.com.br\/privacyhub\/"},{"@type":"ListItem","position":2,"name":"Mapeamento de Legisla\u00e7\u00f5es","item":"https:\/\/baptistaluz.com.br\/privacyhub\/legislacoes\/"},{"@type":"ListItem","position":3,"name":"Ind\u00fastria","item":"https:\/\/baptistaluz.com.br\/privacyhub\/legislacoes\/industria\/"},{"@type":"ListItem","position":4,"name":"Metal\u00fargica"}]},{"@type":"WebSite","@id":"https:\/\/baptistaluz.com.br\/privacyhub\/#website","url":"https:\/\/baptistaluz.com.br\/privacyhub\/","name":"PrivacyHub","description":"","potentialAction":[{"@type":"SearchAction","target":{"@type":"EntryPoint","urlTemplate":"https:\/\/baptistaluz.com.br\/privacyhub\/?s={search_term_string}"},"query-input":{"@type":"PropertyValueSpecification","valueRequired":true,"valueName":"search_term_string"}}],"inLanguage":"pt-BR"}]}},"_links":{"self":[{"href":"https:\/\/baptistaluz.com.br\/privacyhub\/wp-json\/wp\/v2\/pages\/5258","targetHints":{"allow":["GET"]}}],"collection":[{"href":"https:\/\/baptistaluz.com.br\/privacyhub\/wp-json\/wp\/v2\/pages"}],"about":[{"href":"https:\/\/baptistaluz.com.br\/privacyhub\/wp-json\/wp\/v2\/types\/page"}],"author":[{"embeddable":true,"href":"https:\/\/baptistaluz.com.br\/privacyhub\/wp-json\/wp\/v2\/users\/9"}],"replies":[{"embeddable":true,"href":"https:\/\/baptistaluz.com.br\/privacyhub\/wp-json\/wp\/v2\/comments?post=5258"}],"version-history":[{"count":4,"href":"https:\/\/baptistaluz.com.br\/privacyhub\/wp-json\/wp\/v2\/pages\/5258\/revisions"}],"predecessor-version":[{"id":5262,"href":"https:\/\/baptistaluz.com.br\/privacyhub\/wp-json\/wp\/v2\/pages\/5258\/revisions\/5262"}],"up":[{"embeddable":true,"href":"https:\/\/baptistaluz.com.br\/privacyhub\/wp-json\/wp\/v2\/pages\/2963"}],"wp:attachment":[{"href":"https:\/\/baptistaluz.com.br\/privacyhub\/wp-json\/wp\/v2\/media?parent=5258"}],"curies":[{"name":"wp","href":"https:\/\/api.w.org\/{rel}","templated":true}]}}