{"id":5387,"date":"2025-07-10T17:27:02","date_gmt":"2025-07-10T20:27:02","guid":{"rendered":"https:\/\/baptistaluz.com.br\/privacyhub\/?page_id=5387"},"modified":"2025-08-14T18:08:54","modified_gmt":"2025-08-14T21:08:54","slug":"corretoras-de-planos-de-saude","status":"publish","type":"page","link":"https:\/\/baptistaluz.com.br\/privacyhub\/legislacoes\/setor-saude\/corretoras-de-planos-de-saude\/","title":{"rendered":"Corretoras de planos de sa\u00fade"},"content":{"rendered":"\t\t<div data-elementor-type=\"wp-page\" data-elementor-id=\"5387\" class=\"elementor elementor-5387\" data-elementor-settings=\"{&quot;ha_cmc_init_switcher&quot;:&quot;no&quot;}\" data-elementor-post-type=\"page\">\n\t\t\t\t<div class=\"elementor-element elementor-element-fb3fe7a e-flex e-con-boxed e-con e-parent\" data-id=\"fb3fe7a\" data-element_type=\"container\" data-e-type=\"container\" data-settings=\"{&quot;background_background&quot;:&quot;classic&quot;,&quot;_ha_eqh_enable&quot;:false}\">\n\t\t\t\t\t<div class=\"e-con-inner\">\n\t\t<div class=\"elementor-element elementor-element-813d94a e-con-full e-flex e-con e-child\" data-id=\"813d94a\" data-element_type=\"container\" data-e-type=\"container\" data-settings=\"{&quot;_ha_eqh_enable&quot;:false}\">\n\t\t\t\t<div class=\"elementor-element elementor-element-5785df0 elementor-widget elementor-widget-heading\" data-id=\"5785df0\" data-element_type=\"widget\" data-e-type=\"widget\" data-widget_type=\"heading.default\">\n\t\t\t\t<div class=\"elementor-widget-container\">\n\t\t\t\t\t<h2 class=\"elementor-heading-title elementor-size-default\"><a href=\"https:\/\/baptistaluz.com.br\/privacyhub\/legislacoes\/\">Mapeamento de legisla\u00e7\u00f5es \/<\/a><\/h2>\t\t\t\t<\/div>\n\t\t\t\t<\/div>\n\t\t\t\t<div class=\"elementor-element elementor-element-65624dc elementor-widget elementor-widget-heading\" data-id=\"65624dc\" data-element_type=\"widget\" data-e-type=\"widget\" data-widget_type=\"heading.default\">\n\t\t\t\t<div class=\"elementor-widget-container\">\n\t\t\t\t\t<h2 class=\"elementor-heading-title elementor-size-default\"><a href=\"https:\/\/baptistaluz.com.br\/privacyhub\/legislacoes\/setor-saude\/\">Sa\u00fade<\/a><\/h2>\t\t\t\t<\/div>\n\t\t\t\t<\/div>\n\t\t\t\t<div class=\"elementor-element elementor-element-91102f8 elementor-widget elementor-widget-heading\" data-id=\"91102f8\" data-element_type=\"widget\" data-e-type=\"widget\" data-widget_type=\"heading.default\">\n\t\t\t\t<div class=\"elementor-widget-container\">\n\t\t\t\t\t<h2 class=\"elementor-heading-title elementor-size-default\">\/ Corretoras de Planos de Sa\u00fade<\/h2>\t\t\t\t<\/div>\n\t\t\t\t<\/div>\n\t\t\t\t<\/div>\n\t\t\t\t<div class=\"elementor-element elementor-element-0d5b473 elementor-widget elementor-widget-heading\" data-id=\"0d5b473\" data-element_type=\"widget\" data-e-type=\"widget\" data-widget_type=\"heading.default\">\n\t\t\t\t<div class=\"elementor-widget-container\">\n\t\t\t\t\t<h2 class=\"elementor-heading-title elementor-size-default\">Corretoras de Planos de Sa\u00fade<\/h2>\t\t\t\t<\/div>\n\t\t\t\t<\/div>\n\t\t\t\t<div class=\"elementor-element elementor-element-4d7ca05 elementor-widget elementor-widget-text-editor\" data-id=\"4d7ca05\" data-element_type=\"widget\" data-e-type=\"widget\" data-widget_type=\"text-editor.default\">\n\t\t\t\t<div class=\"elementor-widget-container\">\n\t\t\t\t\t\t\t\t\t<p>Intermedi\u00e1rias que aproximam benefici\u00e1rios de operadoras. Prestam consultoria na contrata\u00e7\u00e3o, portabilidade e adequa\u00e7\u00e3o de coberturas.<\/p>\t\t\t\t\t\t\t\t<\/div>\n\t\t\t\t<\/div>\n\t\t\t\t<div class=\"elementor-element elementor-element-b9d1869 elementor-widget elementor-widget-text-editor\" data-id=\"b9d1869\" data-element_type=\"widget\" data-e-type=\"widget\" data-widget_type=\"text-editor.default\">\n\t\t\t\t<div class=\"elementor-widget-container\">\n\t\t\t\t\t\t\t\t\t<h3>Conselho Federal de Medicina (CFM)<\/h3>\t\t\t\t\t\t\t\t<\/div>\n\t\t\t\t<\/div>\n\t\t\t\t<div class=\"elementor-element elementor-element-34345fa elementor-widget elementor-widget-text-editor\" data-id=\"34345fa\" data-element_type=\"widget\" data-e-type=\"widget\" data-widget_type=\"text-editor.default\">\n\t\t\t\t<div class=\"elementor-widget-container\">\n\t\t\t\t\t\t\t\t\t<h5><strong>C\u00f3digo de Conduta \u00c9tica<\/strong><\/h5>\t\t\t\t\t\t\t\t<\/div>\n\t\t\t\t<\/div>\n\t\t\t\t<div class=\"elementor-element elementor-element-145b4f7 elementor-widget elementor-widget-n-accordion\" data-id=\"145b4f7\" data-element_type=\"widget\" data-e-type=\"widget\" data-settings=\"{&quot;default_state&quot;:&quot;all_collapsed&quot;,&quot;max_items_expended&quot;:&quot;one&quot;,&quot;n_accordion_animation_duration&quot;:{&quot;unit&quot;:&quot;ms&quot;,&quot;size&quot;:400,&quot;sizes&quot;:[]}}\" data-widget_type=\"nested-accordion.default\">\n\t\t\t\t<div class=\"elementor-widget-container\">\n\t\t\t\t\t\t\t<div class=\"e-n-accordion\" aria-label=\"Accordion. Open links with Enter or Space, close with Escape, and navigate with Arrow Keys\">\n\t\t\t\t\t\t<details id=\"e-n-accordion-item-2130\" class=\"e-n-accordion-item\" >\n\t\t\t\t<summary class=\"e-n-accordion-item-title\" data-accordion-index=\"1\" tabindex=\"0\" aria-expanded=\"false\" aria-controls=\"e-n-accordion-item-2130\" >\n\t\t\t\t\t<span class='e-n-accordion-item-title-header'><div class=\"e-n-accordion-item-title-text\"> <p style=\"font-size: 16px\">Necessidade de consentimento para realiza\u00e7\u00e3o de pesquisa<\/p> <\/div><\/span>\n\t\t\t\t\t\t\t<span class='e-n-accordion-item-title-icon'>\n\t\t\t<span class='e-opened' ><i aria-hidden=\"true\" class=\"huge huge-arrow-up-01-round\"><\/i><\/span>\n\t\t\t<span class='e-closed'><i aria-hidden=\"true\" class=\"huge huge-arrow-down-01-round\"><\/i><\/span>\n\t\t<\/span>\n\n\t\t\t\t\t\t<\/summary>\n\t\t\t\t<div role=\"region\" aria-labelledby=\"e-n-accordion-item-2130\" class=\"elementor-element elementor-element-4222c31 e-con-full e-flex e-con e-child\" data-id=\"4222c31\" data-element_type=\"container\" data-e-type=\"container\" data-settings=\"{&quot;background_background&quot;:&quot;classic&quot;,&quot;_ha_eqh_enable&quot;:false}\">\n\t\t<div role=\"region\" aria-labelledby=\"e-n-accordion-item-2130\" class=\"elementor-element elementor-element-01a49ed e-flex e-con-boxed e-con e-child\" data-id=\"01a49ed\" data-element_type=\"container\" data-e-type=\"container\" data-settings=\"{&quot;_ha_eqh_enable&quot;:false}\">\n\t\t\t\t\t<div class=\"e-con-inner\">\n\t\t\t\t<div class=\"elementor-element elementor-element-d93fe15 elementor-widget elementor-widget-text-editor\" data-id=\"d93fe15\" data-element_type=\"widget\" data-e-type=\"widget\" data-widget_type=\"text-editor.default\">\n\t\t\t\t<div class=\"elementor-widget-container\">\n\t\t\t\t\t\t\t\t\t<p><strong>Art. 101<br \/><\/strong>Estabelece a necessidade de coleta de consentimento livre e esclarecido, do paciente ou de seu representante legal, por meio de termo, para a realiza\u00e7\u00e3o de pesquisa envolvendo seres humanos, devedondo pr\u00e9viamente o respons\u00e1vel pela coleta dar explica\u00e7\u00f5es sobre a natureza e as consequencias da pesquisa que ser\u00e1 realizada.<\/p><p>Ainda, caso o paciente seja crian\u00e7a, adolescente, pessoa com transtorno ou doen\u00e7a mental, em situa\u00e7\u00e3o de diminui\u00e7\u00e3o de sua capacidade de discernir, al\u00e9m do consentimento de seu representante legal, \u00e9 necess\u00e1rio seu assentimento livre e esclarecido na medida de sua compreens\u00e3o.<\/p>\t\t\t\t\t\t\t\t<\/div>\n\t\t\t\t<\/div>\n\t\t\t\t\t<\/div>\n\t\t\t\t<\/div>\n\t\t\t\t<\/div>\n\t\t\t\t\t<\/details>\n\t\t\t\t\t<\/div>\n\t\t\t\t\t\t<\/div>\n\t\t\t\t<\/div>\n\t\t\t\t<div class=\"elementor-element elementor-element-4b531ca elementor-widget elementor-widget-button\" data-id=\"4b531ca\" data-element_type=\"widget\" data-e-type=\"widget\" data-widget_type=\"button.default\">\n\t\t\t\t<div class=\"elementor-widget-container\">\n\t\t\t\t\t\t\t\t\t<div class=\"elementor-button-wrapper\">\n\t\t\t\t\t<a class=\"elementor-button elementor-button-link elementor-size-sm\" href=\"https:\/\/portal.cfm.org.br\/images\/PDF\/cem2019.pdf\">\n\t\t\t\t\t\t<span class=\"elementor-button-content-wrapper\">\n\t\t\t\t\t\t\t\t\t<span class=\"elementor-button-text\">Acesse o C\u00f3digo completo<\/span>\n\t\t\t\t\t<\/span>\n\t\t\t\t\t<\/a>\n\t\t\t\t<\/div>\n\t\t\t\t\t\t\t\t<\/div>\n\t\t\t\t<\/div>\n\t\t\t\t<div class=\"elementor-element elementor-element-a733373 elementor-widget elementor-widget-text-editor\" data-id=\"a733373\" data-element_type=\"widget\" data-e-type=\"widget\" data-widget_type=\"text-editor.default\">\n\t\t\t\t<div class=\"elementor-widget-container\">\n\t\t\t\t\t\t\t\t\t<h3>Congresso Nacional<\/h3>\t\t\t\t\t\t\t\t<\/div>\n\t\t\t\t<\/div>\n\t\t\t\t<div class=\"elementor-element elementor-element-461cf79 elementor-widget elementor-widget-text-editor\" data-id=\"461cf79\" data-element_type=\"widget\" data-e-type=\"widget\" data-widget_type=\"text-editor.default\">\n\t\t\t\t<div class=\"elementor-widget-container\">\n\t\t\t\t\t\t\t\t\t<h5><strong>Lei n\u00ba 8.159\/1991<\/strong><\/h5>\t\t\t\t\t\t\t\t<\/div>\n\t\t\t\t<\/div>\n\t\t\t\t<div class=\"elementor-element elementor-element-7e77247 elementor-widget elementor-widget-n-accordion\" data-id=\"7e77247\" data-element_type=\"widget\" data-e-type=\"widget\" data-settings=\"{&quot;default_state&quot;:&quot;all_collapsed&quot;,&quot;max_items_expended&quot;:&quot;one&quot;,&quot;n_accordion_animation_duration&quot;:{&quot;unit&quot;:&quot;ms&quot;,&quot;size&quot;:400,&quot;sizes&quot;:[]}}\" data-widget_type=\"nested-accordion.default\">\n\t\t\t\t<div class=\"elementor-widget-container\">\n\t\t\t\t\t\t\t<div class=\"e-n-accordion\" aria-label=\"Accordion. Open links with Enter or Space, close with Escape, and navigate with Arrow Keys\">\n\t\t\t\t\t\t<details id=\"e-n-accordion-item-1320\" class=\"e-n-accordion-item\" >\n\t\t\t\t<summary class=\"e-n-accordion-item-title\" data-accordion-index=\"1\" tabindex=\"0\" aria-expanded=\"false\" aria-controls=\"e-n-accordion-item-1320\" >\n\t\t\t\t\t<span class='e-n-accordion-item-title-header'><div class=\"e-n-accordion-item-title-text\"> <p style=\"font-size: 16px\">San\u00e7\u00e3o para quem destr\u00f3i ou desfigura documentos de interesse p\u00fablico ou social, incluindo prontu\u00e1rio m\u00e9dico<\/p> <\/div><\/span>\n\t\t\t\t\t\t\t<span class='e-n-accordion-item-title-icon'>\n\t\t\t<span class='e-opened' ><i aria-hidden=\"true\" class=\"huge huge-arrow-up-01-round\"><\/i><\/span>\n\t\t\t<span class='e-closed'><i aria-hidden=\"true\" class=\"huge huge-arrow-down-01-round\"><\/i><\/span>\n\t\t<\/span>\n\n\t\t\t\t\t\t<\/summary>\n\t\t\t\t<div role=\"region\" aria-labelledby=\"e-n-accordion-item-1320\" class=\"elementor-element elementor-element-18a6c19 e-con-full e-flex e-con e-child\" data-id=\"18a6c19\" data-element_type=\"container\" data-e-type=\"container\" data-settings=\"{&quot;background_background&quot;:&quot;classic&quot;,&quot;_ha_eqh_enable&quot;:false}\">\n\t\t<div role=\"region\" aria-labelledby=\"e-n-accordion-item-1320\" class=\"elementor-element elementor-element-06b860c e-flex e-con-boxed e-con e-child\" data-id=\"06b860c\" data-element_type=\"container\" data-e-type=\"container\" data-settings=\"{&quot;_ha_eqh_enable&quot;:false}\">\n\t\t\t\t\t<div class=\"e-con-inner\">\n\t\t\t\t<div class=\"elementor-element elementor-element-b981434 elementor-widget elementor-widget-text-editor\" data-id=\"b981434\" data-element_type=\"widget\" data-e-type=\"widget\" data-widget_type=\"text-editor.default\">\n\t\t\t\t<div class=\"elementor-widget-container\">\n\t\t\t\t\t\t\t\t\t<p><strong>Art. 25<br \/><\/strong>Essa lei, que disp\u00f5e sobre a pol\u00edtica nacional de arquivos p\u00fablicos e privados, aplicando-se aqui tamb\u00e9m prontu\u00e1rios m\u00e9dicos, prev\u00ea que ficar\u00e1 sujeito \u00e0 responsabilidade penal, civil e administrativa, na forma da legisla\u00e7\u00e3o em vigor, aquele que desfigurar ou destruir documentos de valor permanente ou considerado como de interesse p\u00fablico e social.<\/p>\t\t\t\t\t\t\t\t<\/div>\n\t\t\t\t<\/div>\n\t\t\t\t\t<\/div>\n\t\t\t\t<\/div>\n\t\t\t\t<\/div>\n\t\t\t\t\t<\/details>\n\t\t\t\t\t<\/div>\n\t\t\t\t\t\t<\/div>\n\t\t\t\t<\/div>\n\t\t\t\t<div class=\"elementor-element elementor-element-36fe35a elementor-widget elementor-widget-button\" data-id=\"36fe35a\" data-element_type=\"widget\" data-e-type=\"widget\" data-widget_type=\"button.default\">\n\t\t\t\t<div class=\"elementor-widget-container\">\n\t\t\t\t\t\t\t\t\t<div class=\"elementor-button-wrapper\">\n\t\t\t\t\t<a class=\"elementor-button elementor-button-link elementor-size-sm\" href=\"https:\/\/www.planalto.gov.br\/ccivil_03\/leis\/l8159.htm\">\n\t\t\t\t\t\t<span class=\"elementor-button-content-wrapper\">\n\t\t\t\t\t\t\t\t\t<span class=\"elementor-button-text\">Acesse a Lei completa<\/span>\n\t\t\t\t\t<\/span>\n\t\t\t\t\t<\/a>\n\t\t\t\t<\/div>\n\t\t\t\t\t\t\t\t<\/div>\n\t\t\t\t<\/div>\n\t\t\t\t\t<\/div>\n\t\t\t\t<\/div>\n\t\t\t\t<\/div>\n\t\t","protected":false},"excerpt":{"rendered":"<p>Mapeamento de legisla\u00e7\u00f5es \/ Sa\u00fade \/ Corretoras de Planos de Sa\u00fade Corretoras de Planos de Sa\u00fade Intermedi\u00e1rias que aproximam benefici\u00e1rios de operadoras. Prestam consultoria na contrata\u00e7\u00e3o, portabilidade e adequa\u00e7\u00e3o de coberturas. Conselho Federal de Medicina (CFM) C\u00f3digo de Conduta \u00c9tica Necessidade de consentimento para realiza\u00e7\u00e3o de pesquisa Art. 101Estabelece a necessidade de coleta de consentimento [&hellip;]<\/p>\n","protected":false},"author":17,"featured_media":0,"parent":2828,"menu_order":0,"comment_status":"closed","ping_status":"closed","template":"elementor_header_footer","meta":{"footnotes":""},"class_list":["post-5387","page","type-page","status-publish","hentry"],"yoast_head":"<!-- This site is optimized with the Yoast SEO plugin v27.2 - https:\/\/yoast.com\/product\/yoast-seo-wordpress\/ -->\n<title>Corretoras de planos de sa\u00fade - PrivacyHub<\/title>\n<meta name=\"robots\" content=\"index, follow, max-snippet:-1, max-image-preview:large, max-video-preview:-1\" \/>\n<link rel=\"canonical\" href=\"https:\/\/baptistaluz.com.br\/privacyhub\/legislacoes\/setor-saude\/corretoras-de-planos-de-saude\/\" \/>\n<meta property=\"og:locale\" content=\"pt_BR\" \/>\n<meta property=\"og:type\" content=\"article\" \/>\n<meta property=\"og:title\" content=\"Corretoras de planos de sa\u00fade - PrivacyHub\" \/>\n<meta property=\"og:description\" content=\"Mapeamento de legisla\u00e7\u00f5es \/ Sa\u00fade \/ Corretoras de Planos de Sa\u00fade Corretoras de Planos de Sa\u00fade Intermedi\u00e1rias que aproximam benefici\u00e1rios de operadoras. Prestam consultoria na contrata\u00e7\u00e3o, portabilidade e adequa\u00e7\u00e3o de coberturas. Conselho Federal de Medicina (CFM) C\u00f3digo de Conduta \u00c9tica Necessidade de consentimento para realiza\u00e7\u00e3o de pesquisa Art. 101Estabelece a necessidade de coleta de consentimento [&hellip;]\" \/>\n<meta property=\"og:url\" content=\"https:\/\/baptistaluz.com.br\/privacyhub\/legislacoes\/setor-saude\/corretoras-de-planos-de-saude\/\" \/>\n<meta property=\"og:site_name\" content=\"PrivacyHub\" \/>\n<meta property=\"article:modified_time\" content=\"2025-08-14T21:08:54+00:00\" \/>\n<meta name=\"twitter:card\" content=\"summary_large_image\" \/>\n<meta name=\"twitter:label1\" content=\"Est. tempo de leitura\" \/>\n\t<meta name=\"twitter:data1\" content=\"2 minutos\" \/>\n<script type=\"application\/ld+json\" class=\"yoast-schema-graph\">{\"@context\":\"https:\/\/schema.org\",\"@graph\":[{\"@type\":\"WebPage\",\"@id\":\"https:\/\/baptistaluz.com.br\/privacyhub\/legislacoes\/setor-saude\/corretoras-de-planos-de-saude\/\",\"url\":\"https:\/\/baptistaluz.com.br\/privacyhub\/legislacoes\/setor-saude\/corretoras-de-planos-de-saude\/\",\"name\":\"Corretoras de planos de sa\u00fade - PrivacyHub\",\"isPartOf\":{\"@id\":\"https:\/\/baptistaluz.com.br\/privacyhub\/#website\"},\"datePublished\":\"2025-07-10T20:27:02+00:00\",\"dateModified\":\"2025-08-14T21:08:54+00:00\",\"breadcrumb\":{\"@id\":\"https:\/\/baptistaluz.com.br\/privacyhub\/legislacoes\/setor-saude\/corretoras-de-planos-de-saude\/#breadcrumb\"},\"inLanguage\":\"pt-BR\",\"potentialAction\":[{\"@type\":\"ReadAction\",\"target\":[\"https:\/\/baptistaluz.com.br\/privacyhub\/legislacoes\/setor-saude\/corretoras-de-planos-de-saude\/\"]}]},{\"@type\":\"BreadcrumbList\",\"@id\":\"https:\/\/baptistaluz.com.br\/privacyhub\/legislacoes\/setor-saude\/corretoras-de-planos-de-saude\/#breadcrumb\",\"itemListElement\":[{\"@type\":\"ListItem\",\"position\":1,\"name\":\"In\u00edcio\",\"item\":\"https:\/\/baptistaluz.com.br\/privacyhub\/\"},{\"@type\":\"ListItem\",\"position\":2,\"name\":\"Mapeamento de Legisla\u00e7\u00f5es\",\"item\":\"https:\/\/baptistaluz.com.br\/privacyhub\/legislacoes\/\"},{\"@type\":\"ListItem\",\"position\":3,\"name\":\"Sa\u00fade\",\"item\":\"https:\/\/baptistaluz.com.br\/privacyhub\/legislacoes\/setor-saude\/\"},{\"@type\":\"ListItem\",\"position\":4,\"name\":\"Corretoras de planos de sa\u00fade\"}]},{\"@type\":\"WebSite\",\"@id\":\"https:\/\/baptistaluz.com.br\/privacyhub\/#website\",\"url\":\"https:\/\/baptistaluz.com.br\/privacyhub\/\",\"name\":\"PrivacyHub\",\"description\":\"\",\"potentialAction\":[{\"@type\":\"SearchAction\",\"target\":{\"@type\":\"EntryPoint\",\"urlTemplate\":\"https:\/\/baptistaluz.com.br\/privacyhub\/?s={search_term_string}\"},\"query-input\":{\"@type\":\"PropertyValueSpecification\",\"valueRequired\":true,\"valueName\":\"search_term_string\"}}],\"inLanguage\":\"pt-BR\"}]}<\/script>\n<!-- \/ Yoast SEO plugin. -->","yoast_head_json":{"title":"Corretoras de planos de sa\u00fade - PrivacyHub","robots":{"index":"index","follow":"follow","max-snippet":"max-snippet:-1","max-image-preview":"max-image-preview:large","max-video-preview":"max-video-preview:-1"},"canonical":"https:\/\/baptistaluz.com.br\/privacyhub\/legislacoes\/setor-saude\/corretoras-de-planos-de-saude\/","og_locale":"pt_BR","og_type":"article","og_title":"Corretoras de planos de sa\u00fade - PrivacyHub","og_description":"Mapeamento de legisla\u00e7\u00f5es \/ Sa\u00fade \/ Corretoras de Planos de Sa\u00fade Corretoras de Planos de Sa\u00fade Intermedi\u00e1rias que aproximam benefici\u00e1rios de operadoras. Prestam consultoria na contrata\u00e7\u00e3o, portabilidade e adequa\u00e7\u00e3o de coberturas. Conselho Federal de Medicina (CFM) C\u00f3digo de Conduta \u00c9tica Necessidade de consentimento para realiza\u00e7\u00e3o de pesquisa Art. 101Estabelece a necessidade de coleta de consentimento [&hellip;]","og_url":"https:\/\/baptistaluz.com.br\/privacyhub\/legislacoes\/setor-saude\/corretoras-de-planos-de-saude\/","og_site_name":"PrivacyHub","article_modified_time":"2025-08-14T21:08:54+00:00","twitter_card":"summary_large_image","twitter_misc":{"Est. tempo de leitura":"2 minutos"},"schema":{"@context":"https:\/\/schema.org","@graph":[{"@type":"WebPage","@id":"https:\/\/baptistaluz.com.br\/privacyhub\/legislacoes\/setor-saude\/corretoras-de-planos-de-saude\/","url":"https:\/\/baptistaluz.com.br\/privacyhub\/legislacoes\/setor-saude\/corretoras-de-planos-de-saude\/","name":"Corretoras de planos de sa\u00fade - PrivacyHub","isPartOf":{"@id":"https:\/\/baptistaluz.com.br\/privacyhub\/#website"},"datePublished":"2025-07-10T20:27:02+00:00","dateModified":"2025-08-14T21:08:54+00:00","breadcrumb":{"@id":"https:\/\/baptistaluz.com.br\/privacyhub\/legislacoes\/setor-saude\/corretoras-de-planos-de-saude\/#breadcrumb"},"inLanguage":"pt-BR","potentialAction":[{"@type":"ReadAction","target":["https:\/\/baptistaluz.com.br\/privacyhub\/legislacoes\/setor-saude\/corretoras-de-planos-de-saude\/"]}]},{"@type":"BreadcrumbList","@id":"https:\/\/baptistaluz.com.br\/privacyhub\/legislacoes\/setor-saude\/corretoras-de-planos-de-saude\/#breadcrumb","itemListElement":[{"@type":"ListItem","position":1,"name":"In\u00edcio","item":"https:\/\/baptistaluz.com.br\/privacyhub\/"},{"@type":"ListItem","position":2,"name":"Mapeamento de Legisla\u00e7\u00f5es","item":"https:\/\/baptistaluz.com.br\/privacyhub\/legislacoes\/"},{"@type":"ListItem","position":3,"name":"Sa\u00fade","item":"https:\/\/baptistaluz.com.br\/privacyhub\/legislacoes\/setor-saude\/"},{"@type":"ListItem","position":4,"name":"Corretoras de planos de sa\u00fade"}]},{"@type":"WebSite","@id":"https:\/\/baptistaluz.com.br\/privacyhub\/#website","url":"https:\/\/baptistaluz.com.br\/privacyhub\/","name":"PrivacyHub","description":"","potentialAction":[{"@type":"SearchAction","target":{"@type":"EntryPoint","urlTemplate":"https:\/\/baptistaluz.com.br\/privacyhub\/?s={search_term_string}"},"query-input":{"@type":"PropertyValueSpecification","valueRequired":true,"valueName":"search_term_string"}}],"inLanguage":"pt-BR"}]}},"_links":{"self":[{"href":"https:\/\/baptistaluz.com.br\/privacyhub\/wp-json\/wp\/v2\/pages\/5387","targetHints":{"allow":["GET"]}}],"collection":[{"href":"https:\/\/baptistaluz.com.br\/privacyhub\/wp-json\/wp\/v2\/pages"}],"about":[{"href":"https:\/\/baptistaluz.com.br\/privacyhub\/wp-json\/wp\/v2\/types\/page"}],"author":[{"embeddable":true,"href":"https:\/\/baptistaluz.com.br\/privacyhub\/wp-json\/wp\/v2\/users\/17"}],"replies":[{"embeddable":true,"href":"https:\/\/baptistaluz.com.br\/privacyhub\/wp-json\/wp\/v2\/comments?post=5387"}],"version-history":[{"count":14,"href":"https:\/\/baptistaluz.com.br\/privacyhub\/wp-json\/wp\/v2\/pages\/5387\/revisions"}],"predecessor-version":[{"id":6160,"href":"https:\/\/baptistaluz.com.br\/privacyhub\/wp-json\/wp\/v2\/pages\/5387\/revisions\/6160"}],"up":[{"embeddable":true,"href":"https:\/\/baptistaluz.com.br\/privacyhub\/wp-json\/wp\/v2\/pages\/2828"}],"wp:attachment":[{"href":"https:\/\/baptistaluz.com.br\/privacyhub\/wp-json\/wp\/v2\/media?parent=5387"}],"curies":[{"name":"wp","href":"https:\/\/api.w.org\/{rel}","templated":true}]}}